{"id":1026,"date":"2013-08-06T20:13:19","date_gmt":"2013-08-06T20:13:19","guid":{"rendered":"https:\/\/ihealthpro.co\/klassischer-laden\/"},"modified":"2023-01-09T12:31:44","modified_gmt":"2023-01-09T12:31:44","slug":"klassischer-laden","status":"publish","type":"page","link":"https:\/\/ihealthpro.co\/de\/klassischer-laden\/","title":{"rendered":"Klassischer Laden"},"content":{"rendered":"\n[ux_slider]\n\n[ux_banner height=&#8220;600px&#8220; bg=&#8220;213&#8243; bg_color=&#8220;rgb(0,0,0)&#8220; bg_overlay=&#8220;rgba(0, 0, 0, 0.51)&#8220; bg_pos=&#8220;58% 63%&#8220;]\n\n[text_box width=&#8220;70&#8243; width__sm=&#8220;100&#8243; animate=&#8220;flipInY&#8220; position_x=&#8220;50&#8243; position_y=&#8220;50&#8243;]\n\n<h1>Willkommen bei<\/h1>\n[divider margin=&#8220;3px&#8220;]\n\n<h1 class=\"h-large uppercase\"><span style=\"font-size: 120%;\"><strong>GOGOGADGETS<\/strong><\/span><\/h1>\n<h2 class=\"uppercase\">DIE NEUESTEN GADGETS FINDEN\n[divider]\n\n[button text=&#8220;JETZT EINKAUFEN&#8220; color=&#8220;white&#8220; style=&#8220;outline&#8220; link=&#8220;\/shop&#8220;]\n\n\n[\/text_box]\n\n[\/ux_banner]\n\n[\/ux_slider]\n[title style=&#8220;center&#8220; text=&#8220;Meistverkaufte Produkte&#8220; size=&#8220;undefined&#8220;]\n\n[ux_products ids=&#8220;538,17,482,19,25,403,405,484&#8243;]\n\n[gap height=&#8220;40px&#8220;]\n\n[row col_style=&#8220;divided&#8220;]\n\n[col span=&#8220;4&#8243;]\n\n[featured_box img_width=&#8220;46&#8243; pos=&#8220;center&#8220; title=&#8220;beste L\u00f6sungen&#8220; margin=&#8220;0px 0px 0px 0px&#8220; icon_border=&#8220;2&#8243; icon_color=&#8220;rgb(182, 182, 182)&#8220;]\n\n<\/h2><p>Wir bieten Ihnen die besten L\u00f6sungen f\u00fcr allt\u00e4gliche Probleme. Sie haben eine tolle Idee? Kontaktieren Sie uns.<\/p>\n\n[\/featured_box]\n\n[\/col]\n[col span=&#8220;4&#8243;]\n\n[featured_box img_width=&#8220;46&#8243; pos=&#8220;center&#8220; title=&#8220;Erstaunliche Kundenbetreuung&#8220; margin=&#8220;0px 0px 0px 0px&#8220; icon_border=&#8220;2&#8243; icon_color=&#8220;rgb(182, 182, 182)&#8220;]\n\n<p>Wenn Sie Fragen zu unseren Produkten oder Dienstleistungen haben, rufen Sie uns an unter <a href=\"tel:+18663008985%20\" style=\"color: black; text-decoration: underline;\"> +18663008985 (USA) \/ <\/a> <a href=\"tel:%20+448000729935\" style=\"color: black; text-decoration: underline;\">+448000729935 (UK) <\/a> oder schicken Sie uns eine E-Mail an <a href=\"mailto:support@ihealthpro.co\" style=\"color: black; text-decoration: underline;\">support@ihealthpro.co.<\/a><\/p>\n\n[\/featured_box]\n\n[\/col]\n[col span=&#8220;4&#8243;]\n\n[featured_box img_width=&#8220;46&#8243; pos=&#8220;center&#8220; title=&#8220;beste Preise im Internet&#8220; margin=&#8220;0px 0px 0px 0px&#8220; icon_border=&#8220;2&#8243; icon_color=&#8220;rgb(182, 182, 182)&#8220;]\n\n<p>Wir stellen sicher, dass Sie qualitativ hochwertige Produkte erhalten und versuchen gleichzeitig, unsere Preise niedrig zu halten, damit jeder in den Genuss der besten Innovationen des Internets kommt.<\/p>\n\n[\/featured_box]\n\n[\/col]\n\n[\/row]\n[gap height=&#8220;40px&#8220;]\n\n\n","protected":false},"excerpt":{"rendered":"<p>[ux_slider] [ux_banner height=&#8220;600px&#8220; bg=&#8220;213&#8243; bg_color=&#8220;rgb(0,0,0)&#8220; bg_overlay=&#8220;rgba(0, 0, 0, 0.51)&#8220; bg_pos=&#8220;58% 63%&#8220;] [text_box width=&#8220;70&#8243; width__sm=&#8220;100&#8243; animate=&#8220;flipInY&#8220; position_x=&#8220;50&#8243; position_y=&#8220;50&#8243;] Willkommen bei [divider margin=&#8220;3px&#8220;] GOGOGADGETS DIE NEUESTEN GADGETS FINDEN [divider] [button text=&#8220;JETZT EINKAUFEN&#8220; color=&#8220;white&#8220; style=&#8220;outline&#8220; link=&#8220;\/shop&#8220;] [\/text_box] [\/ux_banner] [\/ux_slider] [title style=&#8220;center&#8220; text=&#8220;Meistverkaufte Produkte&#8220; size=&#8220;undefined&#8220;] [ux_products ids=&#8220;538,17,482,19,25,403,405,484&#8243;] [gap height=&#8220;40px&#8220;] [row col_style=&#8220;divided&#8220;] [col span=&#8220;4&#8243;] [featured_box img_width=&#8220;46&#8243; pos=&#8220;center&#8220; title=&#8220;beste L\u00f6sungen&#8220; margin=&#8220;0px [&hellip;]<\/p>\n","protected":false},"author":1,"featured_media":619,"parent":0,"menu_order":1,"comment_status":"closed","ping_status":"closed","template":"","meta":{"footnotes":""},"class_list":["post-1026","page","type-page","status-publish","has-post-thumbnail","hentry"],"_links":{"self":[{"href":"https:\/\/ihealthpro.co\/de\/wp-json\/wp\/v2\/pages\/1026","targetHints":{"allow":["GET"]}}],"collection":[{"href":"https:\/\/ihealthpro.co\/de\/wp-json\/wp\/v2\/pages"}],"about":[{"href":"https:\/\/ihealthpro.co\/de\/wp-json\/wp\/v2\/types\/page"}],"author":[{"embeddable":true,"href":"https:\/\/ihealthpro.co\/de\/wp-json\/wp\/v2\/users\/1"}],"replies":[{"embeddable":true,"href":"https:\/\/ihealthpro.co\/de\/wp-json\/wp\/v2\/comments?post=1026"}],"version-history":[{"count":0,"href":"https:\/\/ihealthpro.co\/de\/wp-json\/wp\/v2\/pages\/1026\/revisions"}],"wp:featuredmedia":[{"embeddable":true,"href":"https:\/\/ihealthpro.co\/de\/wp-json\/wp\/v2\/media\/619"}],"wp:attachment":[{"href":"https:\/\/ihealthpro.co\/de\/wp-json\/wp\/v2\/media?parent=1026"}],"curies":[{"name":"wp","href":"https:\/\/api.w.org\/{rel}","templated":true}]}}