{"id":4294,"date":"2023-05-24T09:31:19","date_gmt":"2023-05-24T09:31:19","guid":{"rendered":"https:\/\/ihealthpro.co\/product\/bestbelly\/"},"modified":"2024-07-09T15:41:55","modified_gmt":"2024-07-09T15:41:55","slug":"bestbelly","status":"publish","type":"product","link":"https:\/\/ihealthpro.co\/de\/produkt\/bestbelly\/","title":{"rendered":"BestBelly"},"content":{"rendered":"<p><strong>Keine Pillen mehr, keine verr\u00fcckten Di\u00e4ten, kein Auslassen von Mahlzeiten!<\/strong><br \/>\nBestBelly bringt appetitz\u00fcgelnde Inhaltsstoffe auf die Haut, so dass die Nutzer ihre Nahrungsaufnahme leicht kontrollieren k\u00f6nnen. Dar\u00fcber hinaus hilft es bei der Fettverbrennung und steigert den Stoffwechsel, so dass unsere Kunden schneller abnehmen k\u00f6nnen.<br \/>\nDas Pflaster bringt Inhaltsstoffe wie Koffein, Sophoricosid und Capsicin direkt auf die Haut. Diese Inhaltsstoffe tragen dazu bei, Fette und Zellulitis zu beseitigen und Fettansammlungen zu verhindern, indem sie die Fettverbrennung des K\u00f6rpers unterst\u00fctzen. Das Pflaster wird im Allgemeinen bis zu 8 Stunden lang getragen und dann entfernt.<\/p>\n","protected":false},"excerpt":{"rendered":"<div class=\"p-rich_text_section\"><b data-stringify-type=\"bold\">DESIGN F\u00dcR IHREN K\u00d6RPER GEMACHT<\/b><br \/>\nErgonomisches Design f\u00fcr bequeme Verwaltung des Bauches und der lokalisierten Fett macht es einfacher, es allein zu setzen.<\/div>\n<div><\/div>\n<div class=\"p-rich_text_section\"><b data-stringify-type=\"bold\">DIE NAT\u00dcRLICHEN INHALTSSTOFFE:<\/b><\/div>\n<ol>\n<li class=\"p-rich_text_section\">Sophoricosid: Nat\u00fcrliche und patentierte Substanz mit gewichts- und fettreduzierender Wirkung.<\/li>\n<li class=\"p-rich_text_section\">Catechin: Reduziert Cellulite und hemmt die Ansammlung von Fettzellen.<\/li>\n<li class=\"p-rich_text_section\">Capsaicin: Verhindert Fettleibigkeit und beseitigt Cellulite durch Abbau von K\u00f6rperfett.<\/li>\n<li class=\"p-rich_text_section\">Koffein: Zerst\u00f6rt Cellulite durch Erweichung Fettzellen von Collage.<\/li>\n<li class=\"p-rich_text_section\">Salicornia herbaria: Hautpflege<\/li>\n<\/ol>\n","protected":false},"featured_media":4362,"template":"","meta":[],"product_brand":[],"product_cat":[66],"product_tag":[],"class_list":{"0":"post-4294","1":"product","2":"type-product","3":"status-publish","4":"has-post-thumbnail","6":"product_cat-uncategorized-de","8":"first","9":"instock","10":"taxable","11":"shipping-taxable","12":"purchasable","13":"product-type-simple"},"_links":{"self":[{"href":"https:\/\/ihealthpro.co\/de\/wp-json\/wp\/v2\/product\/4294","targetHints":{"allow":["GET"]}}],"collection":[{"href":"https:\/\/ihealthpro.co\/de\/wp-json\/wp\/v2\/product"}],"about":[{"href":"https:\/\/ihealthpro.co\/de\/wp-json\/wp\/v2\/types\/product"}],"wp:featuredmedia":[{"embeddable":true,"href":"https:\/\/ihealthpro.co\/de\/wp-json\/wp\/v2\/media\/4362"}],"wp:attachment":[{"href":"https:\/\/ihealthpro.co\/de\/wp-json\/wp\/v2\/media?parent=4294"}],"wp:term":[{"taxonomy":"product_brand","embeddable":true,"href":"https:\/\/ihealthpro.co\/de\/wp-json\/wp\/v2\/product_brand?post=4294"},{"taxonomy":"product_cat","embeddable":true,"href":"https:\/\/ihealthpro.co\/de\/wp-json\/wp\/v2\/product_cat?post=4294"},{"taxonomy":"product_tag","embeddable":true,"href":"https:\/\/ihealthpro.co\/de\/wp-json\/wp\/v2\/product_tag?post=4294"}],"curies":[{"name":"wp","href":"https:\/\/api.w.org\/{rel}","templated":true}]}}