{"id":4296,"date":"2023-05-24T09:16:00","date_gmt":"2023-05-24T09:16:00","guid":{"rendered":"https:\/\/ihealthpro.co\/product\/rejumask\/"},"modified":"2024-07-09T15:41:55","modified_gmt":"2024-07-09T15:41:55","slug":"rejumask","status":"publish","type":"product","link":"https:\/\/ihealthpro.co\/de\/produkt\/rejumask\/","title":{"rendered":"RejuMask"},"content":{"rendered":"<h4>Makellose Haut von zu Hause aus mit RejuMask &#8211; keine teuren Spa-Behandlungen mehr!<\/h4>\n<p><strong>SPA-\u00c4HNLICHE SCH\u00d6NHEITSBEHANDLUNGEN ZU HAUSE<\/strong><br \/>\nG\u00f6nnen Sie sich mit unserer LED-Gesichtsmaske eine Sch\u00f6nheitsbehandlung wie im Spa, und zwar ganz bequem von zu Hause aus. Diese innovative Sch\u00f6nheitsl\u00f6sung bietet das ultimative Verw\u00f6hnerlebnis f\u00fcr zu Hause und erm\u00f6glicht es Ihnen, strahlende, jugendlich aussehende Haut zu erhalten, ohne den Aufwand und die Kosten eines Spa-Termins auf sich nehmen zu m\u00fcssen.<\/p>\n<p><strong>BEQUEM UND EFFIZIENT<\/strong><br \/>\nUnsere LED-Gesichtsmaske wurde f\u00fcr den modernen Menschen entwickelt, der viel unterwegs ist. Sie ist wiederaufladbar und kann mit einer einzigen Ladung bis zu 5-8 Mal verwendet werden. Diese Funktion erm\u00f6glicht eine bequeme und effiziente Nutzung ohne jeglichen Aufwand. Verabschieden Sie sich vom l\u00e4stigen Einstecken von Kabeln und Aufladen, wenn Sie das Ger\u00e4t benutzen m\u00fcssen.<\/p>\n<p><strong>VON DERMATOLOGEN ZUGELASSENE NAT\u00dcRLICHE BEHANDLUNG<\/strong><br \/>\nUnsere LED-Gesichtsmaske ist eine von Dermatologen zugelassene nat\u00fcrliche Behandlung, die die Kraft der Lichttherapie nutzt, um tief in die Haut einzudringen und die Heilung und Verj\u00fcngung auf Zellebene zu stimulieren. Die sicheren Wellenl\u00e4ngen gew\u00e4hrleisten, dass es keine sch\u00e4dlichen Auswirkungen gibt, und machen es zu einer nat\u00fcrlichen, chemiefreien Option f\u00fcr alle, die eine wirksame Sch\u00f6nheitsbehandlung suchen.<\/p>\n<p><strong>F\u00dcR ALLE HAUTTYPEN GEEIGNET<\/strong><br \/>\nUnsere LED-Gesichtsmaske wurde aus nat\u00fcrlichen, sicheren und gesch\u00fctzten Materialien hergestellt und ist f\u00fcr alle Hauttypen geeignet. Egal, ob Sie fettige, trockene oder empfindliche Haut haben, unsere LED-Gesichtsmaske ist eine wirksame L\u00f6sung f\u00fcr eine Reihe von Hautproblemen, wie z. B. Mattigkeit, sichtbare Poren, fettige, trockene und sch\u00e4lende Haut sowie Keratose. Sie k\u00f6nnen zwischen sieben Einstellungen w\u00e4hlen, um Ihre Behandlung an Ihre individuellen Bed\u00fcrfnisse anzupassen.<\/p>\n","protected":false},"excerpt":{"rendered":"<h5>Erleben Sie mit RejuMask zu Hause eine Haut wie im Spa<\/h5>\n<p><img decoding=\"async\" src=\"data:image\/gif;base64,R0lGODlhAQABAIAAAAAAAP\/\/\/yH5BAEAAAAALAAAAAABAAEAAAIBRAA7\" alt=\"funkelndes Emoji\">\u2728 LED-Technik<br \/>\n\u2728 Vom Dermatologen genehmigt<br \/>\n\u2728 Tragbar und wiederaufladbar<br \/>\n\u2728 Alle Hauttypen<br \/>\n\u2728 Sicher und nat\u00fcrlich<\/p>\n<p>Mit der REJU MASK k\u00f6nnen Sie bequem von zu Hause aus leuchten. Unsere von Dermatologen zugelassene LED-Gesichtsmaske nutzt die Kraft der LED-Lichttherapie, um Ihre Haut zu revitalisieren und zu erneuern. Erzielen Sie mit Leichtigkeit einen strahlenden, jugendlichen Teint und reduzieren Sie Akne, Falten und Mattheit. REJU MASK ist eine praktische und effiziente L\u00f6sung f\u00fcr Ihre Sch\u00f6nheit.<\/p>\n","protected":false},"featured_media":4394,"template":"","meta":[],"product_brand":[],"product_cat":[66],"product_tag":[],"class_list":{"0":"post-4296","1":"product","2":"type-product","3":"status-publish","4":"has-post-thumbnail","6":"product_cat-uncategorized-de","8":"first","9":"instock","10":"taxable","11":"shipping-taxable","12":"purchasable","13":"product-type-simple"},"_links":{"self":[{"href":"https:\/\/ihealthpro.co\/de\/wp-json\/wp\/v2\/product\/4296","targetHints":{"allow":["GET"]}}],"collection":[{"href":"https:\/\/ihealthpro.co\/de\/wp-json\/wp\/v2\/product"}],"about":[{"href":"https:\/\/ihealthpro.co\/de\/wp-json\/wp\/v2\/types\/product"}],"wp:featuredmedia":[{"embeddable":true,"href":"https:\/\/ihealthpro.co\/de\/wp-json\/wp\/v2\/media\/4394"}],"wp:attachment":[{"href":"https:\/\/ihealthpro.co\/de\/wp-json\/wp\/v2\/media?parent=4296"}],"wp:term":[{"taxonomy":"product_brand","embeddable":true,"href":"https:\/\/ihealthpro.co\/de\/wp-json\/wp\/v2\/product_brand?post=4296"},{"taxonomy":"product_cat","embeddable":true,"href":"https:\/\/ihealthpro.co\/de\/wp-json\/wp\/v2\/product_cat?post=4296"},{"taxonomy":"product_tag","embeddable":true,"href":"https:\/\/ihealthpro.co\/de\/wp-json\/wp\/v2\/product_tag?post=4296"}],"curies":[{"name":"wp","href":"https:\/\/api.w.org\/{rel}","templated":true}]}}