{"id":4298,"date":"2022-12-02T15:19:54","date_gmt":"2022-12-02T15:19:54","guid":{"rendered":"https:\/\/ihealthpro.co\/product\/blendit\/"},"modified":"2024-07-09T15:41:32","modified_gmt":"2024-07-09T15:41:32","slug":"gogo-blendit","status":"publish","type":"product","link":"https:\/\/ihealthpro.co\/de\/produkt\/gogo-blendit\/","title":{"rendered":"Blendit"},"content":{"rendered":"<h4>Er ist kompakt und leicht, ohne an Leistung einzub\u00fc\u00dfen!<\/h4>\n<p><strong>ERGONOMISCHE GESTALTUNG<\/strong><br \/>\nDer Blendit wurde so konzipiert, dass er kompakt und leicht ist, ohne an Leistung einzub\u00fc\u00dfen, was ihn zum perfekten tragbaren Mixer macht. Seit Jahren verwenden die Menschen in ihren K\u00fcchen gro\u00dfe, leistungsstarke (und oft teure) Mixer, um gesunde Shakes, Suppen, Smoothies, Babynahrung und Getr\u00e4nke zu mixen. Gl\u00fccklicherweise sind diese Dinge dank des technischen Fortschritts nicht mehr ausschlie\u00dflich auf die K\u00fcche beschr\u00e4nkt.<\/p>\n<p><b>MULTIFUNKTIONAL<br \/>\n<\/b>Dank des leistungsstarken Motors kann der Blendlt problemlos frisches oder gefrorenes Obst, Blattgem\u00fcse und Eis mixen. Er eignet sich hervorragend f\u00fcr die Zubereitung einer Vielzahl von Dingen, darunter Getr\u00e4nke in Barqualit\u00e4t, Mixgetr\u00e4nke, gefrorene Lattes, Fruchtsmoothies, Babynahrung, hausgemachte Dips, Milchshakes, Slushies, Dressings und vieles mehr!<\/p>\n<p><strong>PORTABLE<\/strong><br \/>\nDer BlendIt ist leicht und tragbar und kann \u00fcberallhin mitgenommen werden. Er l\u00e4sst sich schnell \u00fcber USB aufladen, wobei jede Ladung f\u00fcr 14 Brennvorg\u00e4nge ausreicht. Passt perfekt in Ihren Rucksack oder Ihre Tasche.<\/p>\n<p><strong>SCHNELL ZU REINIGEN<\/strong><br \/>\nEine der Hauptbeschwerden, die die Leute \u00fcber ihren Mixer haben, ist, dass die Reinigung so m\u00fchsam ist. Kein Problem mit dem Blendlt! Geben Sie einfach Seife und Wasser in den Mixer, schalten Sie ihn einige Sekunden lang ein und sp\u00fclen Sie ihn dann aus. Das war&#8217;s! Der leistungsstarke Motor des Blendit erledigt den Rest.<\/p>\n","protected":false},"excerpt":{"rendered":"<h5>Pfuschen Sie nicht mit Ihrer Ern\u00e4hrung herum. Mischen Sie es!<\/h5>\n<p>\ud83e\udd5d Tragbar, aber leistungsstark<br \/>\n\ud83c\udf53 Cooles Design<br \/>\n\ud83c\udf4f USB wiederaufladbar<br \/>\n\ud83c\udf4c Selbstreinigend<br \/>\n\ud83c\udf4d Multifunktional<\/p>\n<p>Der leistungsstarke und leichte, tragbare Mixer f\u00fcr den perfekten Shake, jederzeit und \u00fcberall. Mit diesem innovativen, hochmodernen Ger\u00e4t k\u00f6nnen Sie Ihren Lieblingsmilchshake auch unterwegs zubereiten, ohne eine Steckdose suchen zu m\u00fcssen. Gesund zu bleiben ist jetzt ganz einfach!<\/p>\n","protected":false},"featured_media":4402,"template":"","meta":[],"product_brand":[],"product_cat":[66],"product_tag":[],"class_list":{"0":"post-4298","1":"product","2":"type-product","3":"status-publish","4":"has-post-thumbnail","6":"product_cat-uncategorized-de","8":"first","9":"instock","10":"taxable","11":"shipping-taxable","12":"purchasable","13":"product-type-simple"},"_links":{"self":[{"href":"https:\/\/ihealthpro.co\/de\/wp-json\/wp\/v2\/product\/4298","targetHints":{"allow":["GET"]}}],"collection":[{"href":"https:\/\/ihealthpro.co\/de\/wp-json\/wp\/v2\/product"}],"about":[{"href":"https:\/\/ihealthpro.co\/de\/wp-json\/wp\/v2\/types\/product"}],"wp:featuredmedia":[{"embeddable":true,"href":"https:\/\/ihealthpro.co\/de\/wp-json\/wp\/v2\/media\/4402"}],"wp:attachment":[{"href":"https:\/\/ihealthpro.co\/de\/wp-json\/wp\/v2\/media?parent=4298"}],"wp:term":[{"taxonomy":"product_brand","embeddable":true,"href":"https:\/\/ihealthpro.co\/de\/wp-json\/wp\/v2\/product_brand?post=4298"},{"taxonomy":"product_cat","embeddable":true,"href":"https:\/\/ihealthpro.co\/de\/wp-json\/wp\/v2\/product_cat?post=4298"},{"taxonomy":"product_tag","embeddable":true,"href":"https:\/\/ihealthpro.co\/de\/wp-json\/wp\/v2\/product_tag?post=4298"}],"curies":[{"name":"wp","href":"https:\/\/api.w.org\/{rel}","templated":true}]}}