{"id":4300,"date":"2020-10-01T14:44:47","date_gmt":"2020-10-01T14:44:47","guid":{"rendered":"https:\/\/ihealthpro.co\/product\/kneehero\/"},"modified":"2020-10-01T14:44:47","modified_gmt":"2020-10-01T14:44:47","slug":"kneehero","status":"publish","type":"product","link":"https:\/\/ihealthpro.co\/de\/produkt\/kneehero\/","title":{"rendered":"KneeHero"},"content":{"rendered":"<h4>Ihre Quelle der Erleichterung bei steifen, m\u00fcden und schmerzenden Knien<\/h4>\n<p><strong>DEN NEUESTEN STAND DER TECHNIK<\/strong><br \/>\nDie hochmoderne Stabilisierungstechnologie erm\u00f6glicht einen vollen Bewegungsumfang ohne Verdrehung oder Verstauchung. KneeHero h\u00e4lt das Gelenk in der richtigen Position und reduziert das Risiko einer Verletzung oder einer Verschlimmerung der Verletzung. Die Kniemanschette erm\u00f6glicht es, die Gelenke zu stabilisieren, Schmerzen zu lindern und tr\u00e4gt dar\u00fcber hinaus durch das st\u00e4ndige Anhaften zu einer lokalen, wohltuenden Erh\u00f6hung der Temperatur im Kniebereich bei, was die Regeneration f\u00f6rdern kann.<\/p>\n<p><strong>H\u00d6CHSTER KOMFORT<\/strong><br \/>\nKneeHero besteht aus atmungsaktivem, dehnbarem, leichtem Material, das in der Waschmaschine oder per Hand in warmem Wasser gewaschen werden kann. KneeHero ist aus einem neu entwickelten, weichen und elastischen Material gefertigt. Sie werden kaum bemerken, dass Sie einen Kniestrumpf tragen. Eine konturierte Passform sorgt f\u00fcr maximalen Komfort. Das Material ist atmungsaktiv und dehnbar.<\/p>\n<p><strong>SICHER, WIRKSAM UND NAT\u00dcRLICH<\/strong><br \/>\nDas schlanke Design von KneeHero eignet sich sowohl f\u00fcr M\u00e4nner als auch f\u00fcr Frauen und ist so unauff\u00e4llig, dass niemand merkt, dass Sie es unter Ihrer Hose tragen. Es ist f\u00fcr jedermann sicher zu verwenden und sehr wirksam. KneeHero besteht aus sehr weichem Neoprenmaterial, das Ihre Knie warm h\u00e4lt, Ihre Gelenke schmiert und Verletzungen vorbeugt.<\/p>\n<p><strong>MULTIFUNKTIONAL<\/strong><br \/>\nKneeHero wird f\u00fcr \u00e4ltere Menschen als vorbeugende Ma\u00dfnahme bei l\u00e4ngeren Spazierg\u00e4ngen empfohlen. Es ist auch f\u00fcr jede Sportart geeignet: alle Sportarten, die eine hohe Belastung der Gelenke erfordern, wie z.B.: Laufen, Basketball, Fu\u00dfball, Golf, Radfahren, Tennis, Wandern, Volleyball, Skifahren, Snowboarden und mehr. Verbessert die Muskelausdauer, sch\u00fctzt das Knie.<\/p>\n","protected":false},"excerpt":{"rendered":"<h5>Einf\u00fchrung der Premium-Kniekompressionsmanschette mit der Nummer 1<\/h5>\n<p>\u2b50 Niedriges Profil und schlankes Design<br \/>\n\u2b50 Sicher, wirksam und nat\u00fcrlich<br \/>\n\u2b50 Die konturierte Passform sorgt f\u00fcr maximalen Komfort und verhindert ein Verrutschen<br \/>\n\u2b50 Erm\u00f6glicht volle Bewegungsfreiheit ohne Verdrehen oder Verstauchen<br \/>\n\u2b50 Weiches Neoprenmaterial<\/p>\n<p>Knie-Kompressionsmanschetten werden von \u00c4rzten und Physiotherapeuten auf der ganzen Welt empfohlen, und KneeHero ist heute die am besten bewertete Knie-Kompressionsmanschette. KneeHero hilft, sich von Verletzungen zu erholen, beugt Verletzungen und Schmerzen vor, erh\u00f6ht die Sauerstoffzufuhr zum Muskelgewebe und verk\u00fcrzt die Erholungszeit nach der Aktivit\u00e4t, wie viele Studien gezeigt haben.<\/p>\n","protected":false},"featured_media":2701,"template":"","meta":[],"product_brand":[],"product_cat":[66],"product_tag":[],"class_list":{"0":"post-4300","1":"product","2":"type-product","3":"status-publish","4":"has-post-thumbnail","6":"product_cat-uncategorized-de","8":"first","9":"instock","10":"taxable","11":"shipping-taxable","12":"purchasable","13":"product-type-simple"},"_links":{"self":[{"href":"https:\/\/ihealthpro.co\/de\/wp-json\/wp\/v2\/product\/4300","targetHints":{"allow":["GET"]}}],"collection":[{"href":"https:\/\/ihealthpro.co\/de\/wp-json\/wp\/v2\/product"}],"about":[{"href":"https:\/\/ihealthpro.co\/de\/wp-json\/wp\/v2\/types\/product"}],"wp:featuredmedia":[{"embeddable":true,"href":"https:\/\/ihealthpro.co\/de\/wp-json\/wp\/v2\/media\/2701"}],"wp:attachment":[{"href":"https:\/\/ihealthpro.co\/de\/wp-json\/wp\/v2\/media?parent=4300"}],"wp:term":[{"taxonomy":"product_brand","embeddable":true,"href":"https:\/\/ihealthpro.co\/de\/wp-json\/wp\/v2\/product_brand?post=4300"},{"taxonomy":"product_cat","embeddable":true,"href":"https:\/\/ihealthpro.co\/de\/wp-json\/wp\/v2\/product_cat?post=4300"},{"taxonomy":"product_tag","embeddable":true,"href":"https:\/\/ihealthpro.co\/de\/wp-json\/wp\/v2\/product_tag?post=4300"}],"curies":[{"name":"wp","href":"https:\/\/api.w.org\/{rel}","templated":true}]}}