{"id":4301,"date":"2021-11-29T09:41:07","date_gmt":"2021-11-29T09:41:07","guid":{"rendered":"https:\/\/ihealthpro.co\/product\/pure-guasha\/"},"modified":"2024-07-09T15:41:33","modified_gmt":"2024-07-09T15:41:33","slug":"pureguasha","status":"publish","type":"product","link":"https:\/\/ihealthpro.co\/de\/produkt\/pureguasha\/","title":{"rendered":"Pure GuaSha"},"content":{"rendered":"<h4>Ihre Freunde werden nicht glauben, dass Sie keine Sch\u00f6nheitsoperation hatten!<\/h4>\n<p><strong>GES\u00dcNDERE HAUT = GES\u00dcNDERES LEBEN<\/strong><br \/>\nErhalten Sie schnell ges\u00fcndere Haut ohne chirurgische Eingriffe, F\u00fcllstoffe oder teure Behandlungen. Erstaunlich, aber wahr: Die Haut ist das gr\u00f6\u00dfte Organ des menschlichen K\u00f6rpers. Dies bedeutet, dass die Gesundheit Ihrer Haut einen erheblichen Einfluss auf Ihre allgemeine Gesundheit haben kann.<\/p>\n<p><strong>SO VIELE VORTEILE!<\/strong><br \/>\nViele Menschen sagen, dass die regelm\u00e4\u00dfige Anwendung des Pure GuaSha Rosenquarzes ihrer Haut geholfen hat, sich zu verj\u00fcngen, zu reparieren, zu entgiften und glatter und weniger geschwollen auszusehen. Sie werden erstaunt sein \u00fcber die Ergebnisse, die Sie sehen &#8211; und \u00fcber den Unterschied, den es f\u00fcr Ihr Aussehen und Ihr Hautgef\u00fchl bedeutet! Pure GuaSha ist f\u00fcr jedes Alter, jeden Hauttyp und jede Gesichtsform geeignet.<\/p>\n<p><strong>DIE WISSENSCHAFT DAHINTER<\/strong><br \/>\nDie Technik des Gesichtsausschabens basiert auf einer alten Heiltechnik namens Gua Sha, die erstmals in einem Text der klassischen chinesischen Medizin namens Shan Han Lun aus dem Jahr 220 n. Chr. erw\u00e4hnt wurde. Pure GuaSha hilft durch sanfte Faszienmobilisierung, die unter der Haut eingeschlossene Fl\u00fcssigkeit abzuleiten. Wenn diese \u00fcbersch\u00fcssige Fl\u00fcssigkeit abflie\u00dft, verbessert sich die Gesundheit und Spannkraft der Haut.<\/p>\n<p><strong>ANWENDUNGSWEISE<\/strong><br \/>\nSchritt 1: Tragen Sie eine kleine Menge des Gesichts\u00f6ls auf Ihr Gesicht auf.<br \/>\nSchritt 2: Beginnen Sie damit, das Ger\u00e4t sanft \u00fcber Ihr gesamtes Gesicht, Ihren Hals und Ihr Dekollet\u00e9 zu f\u00fchren. Gehen Sie anfangs sanft vor und \u00fcben Sie dann etwas mehr Druck aus.<br \/>\nSchritt 3: Genie\u00dfen Sie danach ein frisches Gef\u00fchl.<\/p>\n","protected":false},"excerpt":{"rendered":"<h5>Die Nummer 1 der h\u00e4uslichen Selbstpflege in diesem Jahr<\/h5>\n<p>\u2764\ufe0f Echter Rosenquarz<br \/>\n\u2764\ufe0f Auf Wiedersehen &#8222;geschwollenes&#8220; Gesicht<br \/>\n\u2764\ufe0f Verbessert feine Linien und F\u00e4ltchen<br \/>\n\u2764\ufe0f Lymphdrainage<br \/>\n\u2764\ufe0f Verj\u00fcngt und repariert die Haut<\/p>\n<p>Der Pure GuaSha-Rosenquarz ist eine Sch\u00f6nheitsbehandlung, die seit Generationen weitergegeben wird. Die Stimulierung der Haut durch sanftes &#8222;Schaben&#8220; des Steins auf dem Gesicht kann die Durchblutung f\u00f6rdern und Spannungen in der Haut l\u00f6sen.<\/p>\n","protected":false},"featured_media":4430,"template":"","meta":[],"product_brand":[],"product_cat":[66],"product_tag":[],"class_list":{"0":"post-4301","1":"product","2":"type-product","3":"status-publish","4":"has-post-thumbnail","6":"product_cat-uncategorized-de","8":"first","9":"instock","10":"taxable","11":"shipping-taxable","12":"purchasable","13":"product-type-simple"},"_links":{"self":[{"href":"https:\/\/ihealthpro.co\/de\/wp-json\/wp\/v2\/product\/4301","targetHints":{"allow":["GET"]}}],"collection":[{"href":"https:\/\/ihealthpro.co\/de\/wp-json\/wp\/v2\/product"}],"about":[{"href":"https:\/\/ihealthpro.co\/de\/wp-json\/wp\/v2\/types\/product"}],"wp:featuredmedia":[{"embeddable":true,"href":"https:\/\/ihealthpro.co\/de\/wp-json\/wp\/v2\/media\/4430"}],"wp:attachment":[{"href":"https:\/\/ihealthpro.co\/de\/wp-json\/wp\/v2\/media?parent=4301"}],"wp:term":[{"taxonomy":"product_brand","embeddable":true,"href":"https:\/\/ihealthpro.co\/de\/wp-json\/wp\/v2\/product_brand?post=4301"},{"taxonomy":"product_cat","embeddable":true,"href":"https:\/\/ihealthpro.co\/de\/wp-json\/wp\/v2\/product_cat?post=4301"},{"taxonomy":"product_tag","embeddable":true,"href":"https:\/\/ihealthpro.co\/de\/wp-json\/wp\/v2\/product_tag?post=4301"}],"curies":[{"name":"wp","href":"https:\/\/api.w.org\/{rel}","templated":true}]}}