{"id":4303,"date":"2022-12-02T15:19:53","date_gmt":"2022-12-02T15:19:53","guid":{"rendered":"https:\/\/ihealthpro.co\/product\/pureinsoles\/"},"modified":"2024-07-09T15:41:31","modified_gmt":"2024-07-09T15:41:31","slug":"pureinsole","status":"publish","type":"product","link":"https:\/\/ihealthpro.co\/de\/produkt\/pureinsole\/","title":{"rendered":"PureInSoles"},"content":{"rendered":"<h4>Lang anhaltende Ergebnisse zur Linderung von Schmerzen und Stress mit PureInsole<\/h4>\n<p><strong>SCHMERZLINDERUNG IM HANDUMDREHEN<\/strong><br \/>\nDer nat\u00fcrliche Alterungsprozess geht oft mit zunehmenden Schmerzen einher. Statt Schmerzmittel mit allen m\u00f6glichen k\u00fcnstlichen Inhaltsstoffen einzunehmen, bieten PureInsoles im Schuh ein nat\u00fcrliches Mittel gegen chronische Fu\u00dfschmerzen, das auf traditionellen asiatischen Akupressur-Methoden beruht. Genie\u00dfen Sie die Vorteile der Reflexzonenmassage und Akupressur, wo immer Sie sind.<\/p>\n<p><strong>EINHEITSGR\u00d6SSE<\/strong><br \/>\nPureInSoles werden in einem sogenannten One-Size-Fits-All-Design angeboten. Das hei\u00dft, Sie k\u00f6nnen die PureInSoles an Ihre Bed\u00fcrfnisse anpassen. Sie enthalten eine klare Anleitung zum Zuschneiden der Einlegesohle f\u00fcr jeden Schuh, so dass Sie nie ohne sie auskommen m\u00fcssen. Egal, ob Sie Abs\u00e4tze oder offene Schuhe tragen m\u00f6chten, PureInsoles k\u00f6nnen problemlos in Ihr Lieblingspaar \u00fcbertragen werden.<\/p>\n<p><strong>400 MASSAGEPUNKTE F\u00dcR DEN ULTIMATIVEN KOMFORT<\/strong><br \/>\nDer gesunde Blutfluss wird durch 5 K\u00fchlpunkte gef\u00f6rdert, die nat\u00fcrliche magnetische Wellen erzeugen. 12 gro\u00dfe Akupunkturpunkte und 120 mittlere Akupunkturpunkte, die bei jedem Schritt massiert werden. 270 Mikroakupunkturpunkte, die auf Stressabbau und Schmerzlinderung abzielen.<\/p>\n<p><strong>ANDERE VORTEILE<\/strong><br \/>\nDie speziell entwickelten Akupunkturpunkte wirken beruhigend und stellen das Gleichgewicht wieder her, indem sie Stress und \u00c4ngste in Ihrem K\u00f6rper bek\u00e4mpfen. Durch die Stimulation der Nervenkan\u00e4le liefern PureInsoles einen Energieschub, der Sie den ganzen Tag \u00fcber in Schwung h\u00e4lt.<\/p>\n","protected":false},"excerpt":{"rendered":"<h5>Professionelle Akupressur-Einlegesohlen<\/h5>\n<p>\u2705 Passend f\u00fcr jeden Schuh<br \/>\n\u2705 400 Massagepunkte<br \/>\n\u2705 H\u00f6chster Komfort<br \/>\n\u2705 Ganzheitliche Heilmethoden durch Akupressur<br \/>\n\u2705 Muskelverspannungen l\u00f6sen<\/p>\n<p><span style=\"font-weight: 400;\">Geschwollene und schmerzende F\u00fc\u00dfe geh\u00f6ren mit PureInSoles der Vergangenheit an. Das revolution\u00e4re Produkt kombiniert die uralten Prinzipien der Akupressur mit modernen Fortschritten in der therapeutischen Wirkung der Magnettechnologie und hilft, Stress und Entz\u00fcndungen in den F\u00fc\u00dfen zu lindern.<\/span><\/p>\n","protected":false},"featured_media":4410,"template":"","meta":[],"product_brand":[],"product_cat":[66],"product_tag":[],"class_list":{"0":"post-4303","1":"product","2":"type-product","3":"status-publish","4":"has-post-thumbnail","6":"product_cat-uncategorized-de","8":"first","9":"instock","10":"taxable","11":"shipping-taxable","12":"purchasable","13":"product-type-simple"},"_links":{"self":[{"href":"https:\/\/ihealthpro.co\/de\/wp-json\/wp\/v2\/product\/4303","targetHints":{"allow":["GET"]}}],"collection":[{"href":"https:\/\/ihealthpro.co\/de\/wp-json\/wp\/v2\/product"}],"about":[{"href":"https:\/\/ihealthpro.co\/de\/wp-json\/wp\/v2\/types\/product"}],"wp:featuredmedia":[{"embeddable":true,"href":"https:\/\/ihealthpro.co\/de\/wp-json\/wp\/v2\/media\/4410"}],"wp:attachment":[{"href":"https:\/\/ihealthpro.co\/de\/wp-json\/wp\/v2\/media?parent=4303"}],"wp:term":[{"taxonomy":"product_brand","embeddable":true,"href":"https:\/\/ihealthpro.co\/de\/wp-json\/wp\/v2\/product_brand?post=4303"},{"taxonomy":"product_cat","embeddable":true,"href":"https:\/\/ihealthpro.co\/de\/wp-json\/wp\/v2\/product_cat?post=4303"},{"taxonomy":"product_tag","embeddable":true,"href":"https:\/\/ihealthpro.co\/de\/wp-json\/wp\/v2\/product_tag?post=4303"}],"curies":[{"name":"wp","href":"https:\/\/api.w.org\/{rel}","templated":true}]}}