{"id":4306,"date":"2021-11-29T09:37:04","date_gmt":"2021-11-29T09:37:04","guid":{"rendered":"https:\/\/ihealthpro.co\/product\/comprex-ankle-sleeves\/"},"modified":"2024-07-09T15:41:32","modified_gmt":"2024-07-09T15:41:32","slug":"comprexanklesleeves","status":"publish","type":"product","link":"https:\/\/ihealthpro.co\/de\/produkt\/comprexanklesleeves\/","title":{"rendered":"Comprex Ankle Sleeves"},"content":{"rendered":"<h4>STRAPAZIERF\u00c4HIGES DESIGN UND 4-WEGE-STRETCH F\u00dcR VOLLE BEWEGUNGSFREIHEIT<\/h4>\n<p><strong>BEQUEMES UND HALTBARES MATERIAL<\/strong><br \/>\nUnsere Comprex Ankle Sleeves werden aus einer speziellen Mischung aus 93 % Nylon und 7 % Elasthan hergestellt. Dank des 4-Wege-Stretchmaterials werden Sie beim Anziehen der Comprex Ankle Sleeves keinen allzu gro\u00dfen Widerstand sp\u00fcren. Das zehenfreie Design h\u00e4lt Ihre F\u00fc\u00dfe trocken und k\u00fchl. Unsere leichten, bequemen \u00c4rmel k\u00f6nnen unter Sport- oder Modesocken getragen werden und st\u00fctzen das Fu\u00dfgew\u00f6lbe zus\u00e4tzlich.<\/p>\n<p><strong>ABGESTUFTE KOMPRESSION<\/strong><br \/>\nGraduierte Kompressionsstr\u00fcmpfe \u00fcben die st\u00e4rkste Kompression am Kn\u00f6chel aus, und die Kompression nimmt nach oben hin allm\u00e4hlich ab. Dadurch wird das Blut gezwungen, sich nach oben zu bewegen, wo mehr Platz vorhanden ist.<\/p>\n<p><strong>EFFEKTIVE KN\u00d6CHELUNTERST\u00dcTZUNG<\/strong><br \/>\nDie Versteifung des Sprunggelenks durch einen flexiblen Stabilisator schr\u00e4nkt seine Beweglichkeit ein, was die Regeneration nach Verstauchungen, Verrenkungen, Br\u00fcchen und Operationen f\u00f6rdert. Der Stabilisator kann auch prophylaktisch bei Sportlern eingesetzt werden, die besonders verletzungsgef\u00e4hrdet sind. Es hilft auch, Verletzungen bei \u00e4lteren Menschen vorzubeugen, deren Kn\u00f6chel aufgrund altersbedingter degenerativer Ver\u00e4nderungen weniger stabil sind. Eine bessere Stabilisierung der Sprunggelenke hilft, Verstauchungen, Verrenkungen und damit gef\u00e4hrliche St\u00fcrze zu vermeiden.<\/p>\n","protected":false},"excerpt":{"rendered":"<h5>ST\u00dcTZEN UND SCH\u00dcTZEN SIE IHRE KN\u00d6CHEL!<\/h5>\n<p>\u2705 Langlebige Konstruktion<br \/>\n\u2705 Verringerung von Schwellungen, Schmerzen und Wundsein<br \/>\n\u2705 Abgestufte Kompression<br \/>\n\u2705 Hilft gegen M\u00fcdigkeit, verk\u00fcrzt die allgemeine Erholungszeit<br \/>\n\u2705 Prophylaktisch oder zur Vermeidung von Verletzungen verwenden<\/p>\n<p>Die gesteigerte Blutzirkulation tr\u00e4gt zum Wiederaufbau des zerst\u00f6rten Weichgewebes bei. Kompressionssocken k\u00f6nnen Ihnen helfen, bessere Leistungen zu erbringen, sei es beim Training oder bei der Arbeit, und sie k\u00f6nnen Ihre Erholung am Ende des Tages verbessern.<\/p>\n","protected":false},"featured_media":4442,"template":"","meta":[],"product_brand":[],"product_cat":[66],"product_tag":[],"class_list":{"0":"post-4306","1":"product","2":"type-product","3":"status-publish","4":"has-post-thumbnail","6":"product_cat-uncategorized-de","8":"first","9":"instock","10":"sale","11":"taxable","12":"shipping-taxable","13":"purchasable","14":"product-type-simple"},"_links":{"self":[{"href":"https:\/\/ihealthpro.co\/de\/wp-json\/wp\/v2\/product\/4306","targetHints":{"allow":["GET"]}}],"collection":[{"href":"https:\/\/ihealthpro.co\/de\/wp-json\/wp\/v2\/product"}],"about":[{"href":"https:\/\/ihealthpro.co\/de\/wp-json\/wp\/v2\/types\/product"}],"wp:featuredmedia":[{"embeddable":true,"href":"https:\/\/ihealthpro.co\/de\/wp-json\/wp\/v2\/media\/4442"}],"wp:attachment":[{"href":"https:\/\/ihealthpro.co\/de\/wp-json\/wp\/v2\/media?parent=4306"}],"wp:term":[{"taxonomy":"product_brand","embeddable":true,"href":"https:\/\/ihealthpro.co\/de\/wp-json\/wp\/v2\/product_brand?post=4306"},{"taxonomy":"product_cat","embeddable":true,"href":"https:\/\/ihealthpro.co\/de\/wp-json\/wp\/v2\/product_cat?post=4306"},{"taxonomy":"product_tag","embeddable":true,"href":"https:\/\/ihealthpro.co\/de\/wp-json\/wp\/v2\/product_tag?post=4306"}],"curies":[{"name":"wp","href":"https:\/\/api.w.org\/{rel}","templated":true}]}}