{"id":4307,"date":"2022-12-02T15:19:52","date_gmt":"2022-12-02T15:19:52","guid":{"rendered":"https:\/\/ihealthpro.co\/product\/pure-silkskin\/"},"modified":"2024-07-09T15:41:33","modified_gmt":"2024-07-09T15:41:33","slug":"pure-silkskin","status":"publish","type":"product","link":"https:\/\/ihealthpro.co\/de\/produkt\/pure-silkskin\/","title":{"rendered":"Pure SilkSkin"},"content":{"rendered":"<h4>Billiger als Laser und viel weniger schmerzhaft als Waxing!<\/h4>\n<p><strong>FORTSCHRITTLICHE TECHNOLOGIE<\/strong><br \/>\nDas Pure SilkSkin IPL Haarentfernungsger\u00e4t verwendet eine Form der Lichttherapie, die als Intense Pulsed Light (IPL) Technologie bekannt ist, um K\u00f6rperhaare zu entfernen. Ein Lichtimpuls wird durch die Haut \u00fcbertragen und vom Melanin im Haarschaft absorbiert, wo er in W\u00e4rmeenergie umgewandelt wird. Diese W\u00e4rmeenergie verhindert weiteres Haarwachstum. 5 Blitzmodi, die die Haarentfernung je nach Haarart vereinfachen.<\/p>\n<p><strong>EINFACH ZU BENUTZEN<\/strong><br \/>\nF\u00fcr ein optimales Ergebnis empfehlen wir Ihnen, sich mit einem Rasierapparat zu rasieren, bevor Sie Ihr Pure SilkSkin IPL-Haarentfernungsger\u00e4t zum ersten Mal benutzen. Dann dr\u00fccken Sie das Ger\u00e4t einfach auf Ihre Haut, wo Sie die Haare entfernen m\u00f6chten, und es gibt einen Puls (schnellen Blitz) von hellem Licht ab. Das ist alles, was Sie tun m\u00fcssen, um den Haarentfernungsprozess zu beginnen! 600.000 Blitze f\u00fcr eine vollst\u00e4ndige und dauerhafte Haarentfernung m\u00f6glich.<\/p>\n<p><strong>ZEIT SPAREN<\/strong><br \/>\nDie durchschnittliche Frau verbringt im Laufe ihres Lebens 1.728 Stunden mit dem Rasieren ihrer Beine. Mit dem Pure SilkSkin IPL Haarentfernungsger\u00e4t k\u00f6nnen Sie hunderte von Stunden sparen!<\/p>\n<p><strong>LANGFRISTIGE L\u00d6SUNG<\/strong><br \/>\nPure SilkSkin ist die ideale L\u00f6sung f\u00fcr eine langfristige, dauerhafte Haarentfernung, mit sp\u00fcrbaren Ergebnissen in nur 4 Wochen und vollst\u00e4ndigen Ergebnissen innerhalb von 12 Wochen. Ger\u00e4t wird das Nachwachsen unerw\u00fcnschter Haare vollst\u00e4ndig verhindern.<\/p>\n","protected":false},"excerpt":{"rendered":"<h5>Verabschieden Sie sich von unerw\u00fcnschten Haaren, f\u00fcr immer schmerzfrei!<\/h5>\n<p>\u2728 Neueste Technologie<br \/>\n\u2728 Laserlicht in Studioqualit\u00e4t<br \/>\n\u2728 Schmerzfreie Haarentfernung<br \/>\n\u2728 Einfach zu bedienen<br \/>\n\u2728 Glattes Design<\/p>\n<p>Das Pure SilkSkin Haarentfernungsger\u00e4t verwendet eine Form der Lichttherapie, die als Intense Pulsed Light (IPL) Technologie bekannt ist, um K\u00f6rperhaare zu entfernen. Pure SilkSkin IPL Haarentfernung entfernt Ihre unerw\u00fcnschten Haare einfach, sanft, schnell und zuverl\u00e4ssig.<\/p>\n","protected":false},"featured_media":4422,"template":"","meta":[],"product_brand":[],"product_cat":[66],"product_tag":[],"class_list":{"0":"post-4307","1":"product","2":"type-product","3":"status-publish","4":"has-post-thumbnail","6":"product_cat-uncategorized-de","8":"first","9":"instock","10":"taxable","11":"shipping-taxable","12":"purchasable","13":"product-type-simple"},"_links":{"self":[{"href":"https:\/\/ihealthpro.co\/de\/wp-json\/wp\/v2\/product\/4307","targetHints":{"allow":["GET"]}}],"collection":[{"href":"https:\/\/ihealthpro.co\/de\/wp-json\/wp\/v2\/product"}],"about":[{"href":"https:\/\/ihealthpro.co\/de\/wp-json\/wp\/v2\/types\/product"}],"wp:featuredmedia":[{"embeddable":true,"href":"https:\/\/ihealthpro.co\/de\/wp-json\/wp\/v2\/media\/4422"}],"wp:attachment":[{"href":"https:\/\/ihealthpro.co\/de\/wp-json\/wp\/v2\/media?parent=4307"}],"wp:term":[{"taxonomy":"product_brand","embeddable":true,"href":"https:\/\/ihealthpro.co\/de\/wp-json\/wp\/v2\/product_brand?post=4307"},{"taxonomy":"product_cat","embeddable":true,"href":"https:\/\/ihealthpro.co\/de\/wp-json\/wp\/v2\/product_cat?post=4307"},{"taxonomy":"product_tag","embeddable":true,"href":"https:\/\/ihealthpro.co\/de\/wp-json\/wp\/v2\/product_tag?post=4307"}],"curies":[{"name":"wp","href":"https:\/\/api.w.org\/{rel}","templated":true}]}}