{"id":4310,"date":"2021-11-08T09:58:11","date_gmt":"2021-11-08T09:58:11","guid":{"rendered":"https:\/\/ihealthpro.co\/product\/purefeet\/"},"modified":"2021-11-08T09:58:11","modified_gmt":"2021-11-08T09:58:11","slug":"purefeet","status":"publish","type":"product","link":"https:\/\/ihealthpro.co\/de\/produkt\/purefeet\/","title":{"rendered":"PureFeet"},"content":{"rendered":"<h4>Helfen Sie der Natur auf die Spr\u00fcnge!<\/h4>\n<p><strong>NAT\u00dcRLICHER WEG<\/strong><\/p>\n<p>PureFeet Detox Patches nutzen uralte Heiltechniken, um sch\u00e4dliche Giftstoffe aus Ihrem K\u00f6rper zu entfernen, ohne dass Sie sich anstrengen m\u00fcssen. PureFeet-Entgiftungspflaster verwenden nat\u00fcrliche Inhaltsstoffe wie Turmalin, Panzer, Maisst\u00e4rke, Holzessig, Vitamin C, Minus-Ionen, Bambusessig und Pflanzenpulver. Sie sollten die Inhaltsstoffe von PureFeet sorgf\u00e4ltig studieren und ihre Wirkung in Bezug auf Ihren eigenen Zustand, Ihre Allergien usw. bewerten.<\/p>\n<p><strong>ENTGIFTUNG<\/strong><br \/>\nWussten Sie, dass Ihr K\u00f6rper eine Menge Giftstoffe ansammeln kann? Sie k\u00f6nnen Gesundheitsprobleme wie Lethargie, Kopfschmerzen, Schlaflosigkeit, beschleunigte Alterung, Gehirnnebel, Hautkrankheiten und vieles mehr verursachen. Ihr K\u00f6rper kann auf verschiedene Weise versuchen, sch\u00e4dliche Giftstoffe zu entfernen. Eine davon ist, sie auszuschwitzen (dies ist einer der Gr\u00fcnde, warum Gesundheitsexperten empfehlen, den ganzen Tag \u00fcber viel Wasser zu trinken). Aber wenn sich Giftstoffe in erheblichem Umfang in Ihrem K\u00f6rper angesammelt haben, braucht die Natur vielleicht ein wenig &#8222;Nachhilfe&#8220;. Hier k\u00f6nnen die PureFeet Entgiftungspflaster helfen.<\/p>\n<p><strong>EINFACH ZU BENUTZEN<br \/>\n<\/strong>Schritt 1: Platzieren Sie das Pflaster in der Mitte des Fu\u00dfes. Die weiche Seite des Pflasters sollte die Haut ber\u00fchren.<br \/>\nSchritt 2: Bringen Sie das zweite Pflaster am anderen Fu\u00df ODER an einer anderen K\u00f6rperstelle an.<br \/>\nSchritt 3: Lassen Sie die Pflaster 6-8 Stunden lang drauf. Es wird empfohlen, die Pflaster vor dem Schlafengehen anzuwenden.<br \/>\nSchritt 4: Ziehen Sie die Pflaster nach 6-8 Stunden Anwendung ab. Waschen Sie Ihre F\u00fc\u00dfe und genie\u00dfen Sie Ihr verbessertes Wohlbefinden!<\/p>\n<p><strong>EFFEKTE? WANN UND WIE?<\/strong><br \/>\nDie positive Wirkung von PureFeet sollte schon nach ein paar Anwendungen sp\u00fcrbar sein, aber Sie k\u00f6nnen die Reinigungspflaster so lange verwenden, wie Sie es f\u00fcr n\u00f6tig halten! Ihrem Wohlbefinden sind keine Grenzen gesetzt. Das PureFeet-Pflaster sollte nach der Anwendung eine schwarze Ausflussschicht aufweisen. Die Entladung besteht aus den sch\u00e4dlichen Elementen, die durch die Wirkstoffe entfernt werden. Je niedriger die Konzentration von Unreinheiten in Ihrem K\u00f6rper ist, desto geringer ist der Ausfluss, den Sie finden!<\/p>\n","protected":false},"excerpt":{"rendered":"<h5><strong class=\"is-size-3\">Helfen Sie Ihrem K\u00f6rper und Geist auf nat\u00fcrliche Art und Weise!<\/strong><\/h5>\n<p>\ud83c\udf3f Entgiftung<br \/>\n\ud83c\udf3f Keine sch\u00e4dlichen Chemikalien<br \/>\n\ud83c\udf3f Reinigen des K\u00f6rpers<br \/>\n\ud83c\udf3f Keine Medikamente mit besorgniserregenden Nebenwirkungen<br \/>\n\ud83c\udf3f Alte asiatische Medizin<\/p>\n<p>PureFeet wurde von den besten Spezialisten der traditionellen japanischen Weisheit entwickelt. Die in PureFeet verwendeten Inhaltsstoffe wurden \u00fcber Generationen hinweg getestet, um Ihnen die beste und hochwertigste L\u00f6sung gegen die Ansammlung von Unreinheiten zu bieten.<\/p>\n","protected":false},"featured_media":4465,"template":"","meta":[],"product_brand":[],"product_cat":[66],"product_tag":[],"class_list":{"0":"post-4310","1":"product","2":"type-product","3":"status-publish","4":"has-post-thumbnail","6":"product_cat-uncategorized-de","8":"first","9":"instock","10":"taxable","11":"shipping-taxable","12":"purchasable","13":"product-type-simple"},"_links":{"self":[{"href":"https:\/\/ihealthpro.co\/de\/wp-json\/wp\/v2\/product\/4310","targetHints":{"allow":["GET"]}}],"collection":[{"href":"https:\/\/ihealthpro.co\/de\/wp-json\/wp\/v2\/product"}],"about":[{"href":"https:\/\/ihealthpro.co\/de\/wp-json\/wp\/v2\/types\/product"}],"wp:featuredmedia":[{"embeddable":true,"href":"https:\/\/ihealthpro.co\/de\/wp-json\/wp\/v2\/media\/4465"}],"wp:attachment":[{"href":"https:\/\/ihealthpro.co\/de\/wp-json\/wp\/v2\/media?parent=4310"}],"wp:term":[{"taxonomy":"product_brand","embeddable":true,"href":"https:\/\/ihealthpro.co\/de\/wp-json\/wp\/v2\/product_brand?post=4310"},{"taxonomy":"product_cat","embeddable":true,"href":"https:\/\/ihealthpro.co\/de\/wp-json\/wp\/v2\/product_cat?post=4310"},{"taxonomy":"product_tag","embeddable":true,"href":"https:\/\/ihealthpro.co\/de\/wp-json\/wp\/v2\/product_tag?post=4310"}],"curies":[{"name":"wp","href":"https:\/\/api.w.org\/{rel}","templated":true}]}}