{"id":4968,"date":"2024-06-12T07:38:44","date_gmt":"2024-06-12T07:38:44","guid":{"rendered":"https:\/\/ihealthpro.co\/product\/luftbefeuchter\/"},"modified":"2024-06-12T07:38:44","modified_gmt":"2024-06-12T07:38:44","slug":"luftbefeuchter","status":"publish","type":"product","link":"https:\/\/ihealthpro.co\/de\/produkt\/luftbefeuchter\/","title":{"rendered":"Luftbefeuchter"},"content":{"rendered":"<div class=\"commonText\">\n<p>Die Dreamzy Luftbefeuchter sind der Inbegriff f\u00fcr diskrete, effektive und problemlose Luftbefeuchtung. Unser Ziel ist es, ein ideales Raumklima zu schaffen, in dem Sie die Vorteile einer perfekt ausgeglichenen Luftfeuchtigkeit genie\u00dfen k\u00f6nnen, ohne das Ger\u00e4t bei der Arbeit zu bemerken.<\/p>\n<p>Es beseitigt Trockenheit, die Probleme mit Ihrer Haut, Nase, Ihrem Hals und Ihren Lippen verursachen kann, aber es kann auch Symptome lindern, die mit einer Grippe oder Erk\u00e4ltung einhergehen, wie etwa verstopfte Nebenh\u00f6hlen! Steigern Sie Ihre Gesundheit und Ihren Komfort mit dem Dreamzy Luftbefeuchter.<\/p>\n<p><b>Die Wissenschaft zu unseren Gunsten einsetzen!<\/b><\/p>\n<p>Lassen Sie Ihr Wohlbefinden nicht durch Trockenheit beeintr\u00e4chtigen. W\u00e4hlen Sie Dreamzy Luftbefeuchter f\u00fcr ein harmonisches Raumklima, in dem Sie sich Tag und Nacht wohlf\u00fchlen. Erleben Sie den unsichtbaren Komfort noch heute!<\/p>\n<\/div>\n<div class=\"btnBox hide-mob\"><\/div>\n","protected":false},"excerpt":{"rendered":"<p>Die Dreamzy Luftbefeuchter sind der Inbegriff f\u00fcr diskrete, effektive und problemlose Luftbefeuchtung. Unser Ziel ist es, ein ideales Raumklima zu schaffen, in dem Sie die Vorteile einer perfekt ausgeglichenen Luftfeuchtigkeit genie\u00dfen k\u00f6nnen, ohne das Ger\u00e4t bei der Arbeit zu bemerken. Es beseitigt Trockenheit, die Probleme mit Ihrer Haut, Nase, Ihrem Hals und Ihren Lippen verursachen [&hellip;]<\/p>\n","protected":false},"featured_media":4842,"template":"","meta":[],"product_brand":[],"product_cat":[66],"product_tag":[],"class_list":{"0":"post-4968","1":"product","2":"type-product","3":"status-publish","4":"has-post-thumbnail","6":"product_cat-uncategorized-de","8":"first","9":"instock","10":"taxable","11":"shipping-taxable","12":"purchasable","13":"product-type-simple"},"_links":{"self":[{"href":"https:\/\/ihealthpro.co\/de\/wp-json\/wp\/v2\/product\/4968","targetHints":{"allow":["GET"]}}],"collection":[{"href":"https:\/\/ihealthpro.co\/de\/wp-json\/wp\/v2\/product"}],"about":[{"href":"https:\/\/ihealthpro.co\/de\/wp-json\/wp\/v2\/types\/product"}],"wp:featuredmedia":[{"embeddable":true,"href":"https:\/\/ihealthpro.co\/de\/wp-json\/wp\/v2\/media\/4842"}],"wp:attachment":[{"href":"https:\/\/ihealthpro.co\/de\/wp-json\/wp\/v2\/media?parent=4968"}],"wp:term":[{"taxonomy":"product_brand","embeddable":true,"href":"https:\/\/ihealthpro.co\/de\/wp-json\/wp\/v2\/product_brand?post=4968"},{"taxonomy":"product_cat","embeddable":true,"href":"https:\/\/ihealthpro.co\/de\/wp-json\/wp\/v2\/product_cat?post=4968"},{"taxonomy":"product_tag","embeddable":true,"href":"https:\/\/ihealthpro.co\/de\/wp-json\/wp\/v2\/product_tag?post=4968"}],"curies":[{"name":"wp","href":"https:\/\/api.w.org\/{rel}","templated":true}]}}