{"id":4969,"date":"2024-06-12T07:27:18","date_gmt":"2024-06-12T07:27:18","guid":{"rendered":"https:\/\/ihealthpro.co\/product\/ems-fussmassagegeraet\/"},"modified":"2024-07-09T15:41:56","modified_gmt":"2024-07-09T15:41:56","slug":"ems-fussmassagegeraet","status":"publish","type":"product","link":"https:\/\/ihealthpro.co\/de\/produkt\/ems-fussmassagegeraet\/","title":{"rendered":"EMS-Fu\u00dfmassageger\u00e4t"},"content":{"rendered":"<p>Erleben Sie die Zukunft der Fu\u00dfentspannung mit dem EMS-Fu\u00dfmassageger\u00e4t &#8211; ein innovatives Ger\u00e4t, das die Vorteile der traditionellen Fu\u00dfmassage nahtlos mit modernster elektrischer Muskelstimulationstechnologie verbindet. Dieses Ger\u00e4t wurde entwickelt, um Ihre F\u00fc\u00dfe zu verj\u00fcngen und Ihre Sinne zu beleben. Es bringt den beruhigenden Luxus eines Spas direkt zu Ihnen nach Hause.<\/p>\n<p><strong>Vorteile, die Ihren Komfort erh\u00f6hen:<\/strong><\/p>\n<p><strong>ST\u00c4RKUNG DER MUSKELN  <\/strong><\/p>\n<p>Entfesseln Sie die Kraft der elektrischen Muskelstimulation, um Ihre Fu\u00dfmuskeln zu st\u00e4rken und das allgemeine Wohlbefinden der F\u00fc\u00dfe zu f\u00f6rdern.<\/p>\n<p><strong>VERBESSERTE BLUTZIRKULATION  <\/strong><\/p>\n<p>Erleben Sie die revitalisierende Wirkung einer erh\u00f6hten lokalen Durchblutung, w\u00e4hrend das EMS-Fu\u00dfmassageger\u00e4t Ihre F\u00fc\u00dfe verw\u00f6hnt.<\/p>\n<p><strong>MUSKELENTSPANNUNG  <\/strong><\/p>\n<p>L\u00f6sen Sie Verspannungen und Stress, w\u00e4hrend das Ger\u00e4t die Muskeln Ihrer F\u00fc\u00dfe anspricht und entspannt, so dass Sie erfrischt und entspannt sind.<\/p>\n<p><strong>FATIGUE RELIEF  <\/strong><\/p>\n<p>Verabschieden Sie sich von M\u00fcdigkeit mit dem EMS-Fu\u00dfmassageger\u00e4t, das ein Gef\u00fchl der Entspannung und Vitalit\u00e4t vermittelt.<\/p>\n","protected":false},"excerpt":{"rendered":"<p>Erleben Sie die Zukunft der Fu\u00dfentspannung mit dem EMS-Fu\u00dfmassageger\u00e4t &#8211; ein innovatives Ger\u00e4t, das die Vorteile der traditionellen Fu\u00dfmassage nahtlos mit modernster elektrischer Muskelstimulationstechnologie verbindet. Dieses Ger\u00e4t wurde entwickelt, um Ihre F\u00fc\u00dfe zu verj\u00fcngen und Ihre Sinne zu beleben. Es bringt den beruhigenden Luxus eines Spas direkt zu Ihnen nach Hause. Vorteile, die Ihren Komfort [&hellip;]<\/p>\n","protected":false},"featured_media":4836,"template":"","meta":[],"product_brand":[],"product_cat":[66],"product_tag":[],"class_list":{"0":"post-4969","1":"product","2":"type-product","3":"status-publish","4":"has-post-thumbnail","6":"product_cat-uncategorized-de","8":"first","9":"instock","10":"taxable","11":"shipping-taxable","12":"purchasable","13":"product-type-simple"},"_links":{"self":[{"href":"https:\/\/ihealthpro.co\/de\/wp-json\/wp\/v2\/product\/4969","targetHints":{"allow":["GET"]}}],"collection":[{"href":"https:\/\/ihealthpro.co\/de\/wp-json\/wp\/v2\/product"}],"about":[{"href":"https:\/\/ihealthpro.co\/de\/wp-json\/wp\/v2\/types\/product"}],"wp:featuredmedia":[{"embeddable":true,"href":"https:\/\/ihealthpro.co\/de\/wp-json\/wp\/v2\/media\/4836"}],"wp:attachment":[{"href":"https:\/\/ihealthpro.co\/de\/wp-json\/wp\/v2\/media?parent=4969"}],"wp:term":[{"taxonomy":"product_brand","embeddable":true,"href":"https:\/\/ihealthpro.co\/de\/wp-json\/wp\/v2\/product_brand?post=4969"},{"taxonomy":"product_cat","embeddable":true,"href":"https:\/\/ihealthpro.co\/de\/wp-json\/wp\/v2\/product_cat?post=4969"},{"taxonomy":"product_tag","embeddable":true,"href":"https:\/\/ihealthpro.co\/de\/wp-json\/wp\/v2\/product_tag?post=4969"}],"curies":[{"name":"wp","href":"https:\/\/api.w.org\/{rel}","templated":true}]}}