{"id":5070,"date":"2024-06-12T07:42:42","date_gmt":"2024-06-12T07:42:42","guid":{"rendered":"https:\/\/ihealthpro.co\/product\/luftreiniger\/"},"modified":"2024-07-09T15:41:54","modified_gmt":"2024-07-09T15:41:54","slug":"luftreiniger","status":"publish","type":"product","link":"https:\/\/ihealthpro.co\/de\/produkt\/luftreiniger\/","title":{"rendered":"Luftreiniger"},"content":{"rendered":"<p>Der Dreamzy Luftreiniger ist nicht nur ein Luftreiniger, er ist das Tor zu einem ges\u00fcnderen Lebensstil. Durch die effiziente Beseitigung von Schadstoffen, Allergenen und Ger\u00fcchen sorgt er f\u00fcr eine saubere und frische Raumluft, die das allgemeine Wohlbefinden steigert. Dreamzy eignet sich perfekt f\u00fcr Haushalte und B\u00fcros und ist damit eine unverzichtbare Investition f\u00fcr alle, die Wert auf Gesundheit und Komfort in ihren Wohnr\u00e4umen legen.<\/p>\n","protected":false},"excerpt":{"rendered":"<p>Der Dreamzy Luftreiniger ist nicht nur ein Luftreiniger, er ist das Tor zu einem ges\u00fcnderen Lebensstil. Durch die effiziente Beseitigung von Schadstoffen, Allergenen und Ger\u00fcchen sorgt er f\u00fcr eine saubere und frische Raumluft, die das allgemeine Wohlbefinden steigert. Dreamzy eignet sich perfekt f\u00fcr Haushalte und B\u00fcros und ist damit eine unverzichtbare Investition f\u00fcr alle, die [&hellip;]<\/p>\n","protected":false},"featured_media":4851,"template":"","meta":[],"product_brand":[],"product_cat":[66],"product_tag":[],"class_list":{"0":"post-5070","1":"product","2":"type-product","3":"status-publish","4":"has-post-thumbnail","6":"product_cat-uncategorized-de","8":"first","9":"instock","10":"taxable","11":"shipping-taxable","12":"purchasable","13":"product-type-simple"},"_links":{"self":[{"href":"https:\/\/ihealthpro.co\/de\/wp-json\/wp\/v2\/product\/5070","targetHints":{"allow":["GET"]}}],"collection":[{"href":"https:\/\/ihealthpro.co\/de\/wp-json\/wp\/v2\/product"}],"about":[{"href":"https:\/\/ihealthpro.co\/de\/wp-json\/wp\/v2\/types\/product"}],"wp:featuredmedia":[{"embeddable":true,"href":"https:\/\/ihealthpro.co\/de\/wp-json\/wp\/v2\/media\/4851"}],"wp:attachment":[{"href":"https:\/\/ihealthpro.co\/de\/wp-json\/wp\/v2\/media?parent=5070"}],"wp:term":[{"taxonomy":"product_brand","embeddable":true,"href":"https:\/\/ihealthpro.co\/de\/wp-json\/wp\/v2\/product_brand?post=5070"},{"taxonomy":"product_cat","embeddable":true,"href":"https:\/\/ihealthpro.co\/de\/wp-json\/wp\/v2\/product_cat?post=5070"},{"taxonomy":"product_tag","embeddable":true,"href":"https:\/\/ihealthpro.co\/de\/wp-json\/wp\/v2\/product_tag?post=5070"}],"curies":[{"name":"wp","href":"https:\/\/api.w.org\/{rel}","templated":true}]}}