{"id":5077,"date":"2024-06-12T07:49:21","date_gmt":"2024-06-12T07:49:21","guid":{"rendered":"https:\/\/ihealthpro.co\/product\/wasserstoff-wasserflasche\/"},"modified":"2024-07-09T15:41:55","modified_gmt":"2024-07-09T15:41:55","slug":"wasserstoff-wasserflasche","status":"publish","type":"product","link":"https:\/\/ihealthpro.co\/de\/produkt\/wasserstoff-wasserflasche\/","title":{"rendered":"Wasserstoff-Wasserflasche"},"content":{"rendered":"<p>Beleben Sie Ihr Trinkerlebnis mit unserer innovativen Wasserstoff-Wasserflasche. Diese innovative Flasche, die Ihr Wasser mit molekularem Wasserstoff anreichert, verbessert Ihr Trinkwasser, indem sie starke Antioxidantien liefert, die Hydratation erh\u00f6ht und das allgemeine Wohlbefinden f\u00f6rdert. Das schlanke Design ist perfekt f\u00fcr gesundheitsbewusste Menschen, die viel unterwegs sind, und garantiert Komfort und Haltbarkeit. Erleben Sie mit jedem Schluck sauberen, gesunden Wassers ein h\u00f6heres Energieniveau, bessere Erholung und eine Vielzahl von gesundheitlichen Vorteilen.<\/p>\n","protected":false},"excerpt":{"rendered":"<p>Beleben Sie Ihr Trinkerlebnis mit unserer innovativen Wasserstoff-Wasserflasche. Diese innovative Flasche, die Ihr Wasser mit molekularem Wasserstoff anreichert, verbessert Ihr Trinkwasser, indem sie starke Antioxidantien liefert, die Hydratation erh\u00f6ht und das allgemeine Wohlbefinden f\u00f6rdert. Das schlanke Design ist perfekt f\u00fcr gesundheitsbewusste Menschen, die viel unterwegs sind, und garantiert Komfort und Haltbarkeit. Erleben Sie mit jedem [&hellip;]<\/p>\n","protected":false},"featured_media":4860,"template":"","meta":[],"product_brand":[],"product_cat":[66],"product_tag":[],"class_list":{"0":"post-5077","1":"product","2":"type-product","3":"status-publish","4":"has-post-thumbnail","6":"product_cat-uncategorized-de","8":"first","9":"instock","10":"taxable","11":"shipping-taxable","12":"purchasable","13":"product-type-simple"},"_links":{"self":[{"href":"https:\/\/ihealthpro.co\/de\/wp-json\/wp\/v2\/product\/5077","targetHints":{"allow":["GET"]}}],"collection":[{"href":"https:\/\/ihealthpro.co\/de\/wp-json\/wp\/v2\/product"}],"about":[{"href":"https:\/\/ihealthpro.co\/de\/wp-json\/wp\/v2\/types\/product"}],"wp:featuredmedia":[{"embeddable":true,"href":"https:\/\/ihealthpro.co\/de\/wp-json\/wp\/v2\/media\/4860"}],"wp:attachment":[{"href":"https:\/\/ihealthpro.co\/de\/wp-json\/wp\/v2\/media?parent=5077"}],"wp:term":[{"taxonomy":"product_brand","embeddable":true,"href":"https:\/\/ihealthpro.co\/de\/wp-json\/wp\/v2\/product_brand?post=5077"},{"taxonomy":"product_cat","embeddable":true,"href":"https:\/\/ihealthpro.co\/de\/wp-json\/wp\/v2\/product_cat?post=5077"},{"taxonomy":"product_tag","embeddable":true,"href":"https:\/\/ihealthpro.co\/de\/wp-json\/wp\/v2\/product_tag?post=5077"}],"curies":[{"name":"wp","href":"https:\/\/api.w.org\/{rel}","templated":true}]}}