{"id":1048,"date":"2013-08-06T20:13:19","date_gmt":"2013-08-06T20:13:19","guid":{"rendered":"https:\/\/ihealthpro.co\/boutique-classique\/"},"modified":"2023-01-09T12:32:21","modified_gmt":"2023-01-09T12:32:21","slug":"boutique-classique","status":"publish","type":"page","link":"https:\/\/ihealthpro.co\/fr\/boutique-classique\/","title":{"rendered":"Boutique classique"},"content":{"rendered":"\n[ux_slider]\n\n[ux_banner height=\u00a0\u00bb600px\u00a0\u00bb bg=\u00a0\u00bb213&Prime; bg_color=\u00a0\u00bbrgb(0,0,0)\u00a0\u00bb bg_overlay=\u00a0\u00bbrgba(0, 0, 0, 0.51)\u00a0\u00bb bg_pos=\u00a0\u00bb58% 63%\u00a0\u00bb]\n\n[text_box width=\u00a0\u00bb70&Prime; width__sm=\u00a0\u00bb100&Prime; animate=\u00a0\u00bbflipInY\u00a0\u00bb position_x=\u00a0\u00bb50&Prime; position_y=\u00a0\u00bb50&Prime;]\n\n<h1>Bienvenue \u00e0<\/h1>\n[divider margin=\u00a0\u00bb3px\u00a0\u00bb]\n\n<h1 class=\"h-large uppercase\"><span style=\"font-size: 120%;\"><strong>GOGOGADGETS<\/strong><\/span><\/h1>\n<h2 class=\"uppercase\">TROUVER LES DERNIERS GADGETS\n[divider]\n\n[button text=\u00a0\u00bbSHOP NOW\u00a0\u00bb color=\u00a0\u00bbwhite\u00a0\u00bb style=\u00a0\u00bboutline\u00a0\u00bb link=\u00a0\u00bb\/shop\u00a0\u00bb]\n\n\n[\/text_box]\n\n[\/ux_banner]\n\n[\/ux_slider]\n[title style=\u00a0\u00bbcenter\u00a0\u00bb text=\u00a0\u00bbProduits les plus vendus\u00a0\u00bb size=\u00a0\u00bbundefined\u00a0\u00bb]\n\n[ux_products ids=\u00a0\u00bb538,17,482,19,25,403,405,484&Prime;]\n\n[gap height=\u00a0\u00bb40px\u00a0\u00bb]\n\n[row col_style=\u00a0\u00bbdivided\u00a0\u00bb]\n\n[col span=\u00a0\u00bb4&Prime;]\n\n[featured_box img_width=\u00a0\u00bb46&Prime; pos=\u00a0\u00bbcenter\u00a0\u00bb title=\u00a0\u00bbles meilleures solutions\u00a0\u00bb margin=\u00a0\u00bb0px 0px 0px 0px\u00a0\u00bb icon_border=\u00a0\u00bb2&Prime; icon_color=\u00a0\u00bbrgb(182, 182, 182)\u00a0\u00bb]\n\n<\/h2><p>Nous vous apportons les meilleures solutions aux probl\u00e8mes quotidiens. Vous avez une id\u00e9e g\u00e9niale ? Nous contacter.<\/p>\n\n[\/featured_box]\n\n[\/col]\n[col span=\u00a0\u00bb4&Prime;]\n\n[featured_box img_width=\u00a0\u00bb46&Prime; pos=\u00a0\u00bbcenter\u00a0\u00bb title=\u00a0\u00bbUn service client\u00e8le exceptionnel\u00a0\u00bb margin=\u00a0\u00bb0px 0px 0px 0px\u00a0\u00bb icon_border=\u00a0\u00bb2&Prime; icon_color=\u00a0\u00bbrgb(182, 182, 182)\u00a0\u00bb]\n\n<p>Si vous avez des questions concernant nos produits ou services, n&rsquo;h\u00e9sitez pas \u00e0 nous appeler au <a href=\"tel:+18663008985%20\" style=\"color: black; text-decoration: underline;\"> +18663008985 (USA) \/ <\/a> <a href=\"tel:%20+448000729935\" style=\"color: black; text-decoration: underline;\">+448000729935 (UK <\/a> ) ou \u00e0 nous envoyer un courriel \u00e0 <a href=\"mailto:support@ihealthpro.co\" style=\"color: black; text-decoration: underline;\">support@ihealthpro.co.<\/a><\/p>\n\n[\/featured_box]\n\n[\/col]\n[col span=\u00a0\u00bb4&Prime;]\n\n[featured_box img_width=\u00a0\u00bb46&Prime; pos=\u00a0\u00bbcenter\u00a0\u00bb title=\u00a0\u00bbles meilleurs prix du web\u00a0\u00bb margin=\u00a0\u00bb0px 0px 0px 0px\u00a0\u00bb icon_border=\u00a0\u00bb2&Prime; icon_color=\u00a0\u00bbrgb(182, 182, 182)\u00a0\u00bb]\n\n<p>Tout en veillant \u00e0 ce que vous obteniez des produits de haute qualit\u00e9, nous nous effor\u00e7ons de maintenir des prix bas afin que chacun puisse profiter des meilleures innovations du web.<\/p>\n\n[\/featured_box]\n\n[\/col]\n\n[\/row]\n[gap height=\u00a0\u00bb40px\u00a0\u00bb]\n\n\n","protected":false},"excerpt":{"rendered":"<p>[ux_slider] [ux_banner height=\u00a0\u00bb600px\u00a0\u00bb bg=\u00a0\u00bb213&Prime; bg_color=\u00a0\u00bbrgb(0,0,0)\u00a0\u00bb bg_overlay=\u00a0\u00bbrgba(0, 0, 0, 0.51)\u00a0\u00bb bg_pos=\u00a0\u00bb58% 63%\u00a0\u00bb] [text_box width=\u00a0\u00bb70&Prime; width__sm=\u00a0\u00bb100&Prime; animate=\u00a0\u00bbflipInY\u00a0\u00bb position_x=\u00a0\u00bb50&Prime; position_y=\u00a0\u00bb50&Prime;] Bienvenue \u00e0 [divider margin=\u00a0\u00bb3px\u00a0\u00bb] GOGOGADGETS TROUVER LES DERNIERS GADGETS [divider] [button text=\u00a0\u00bbSHOP NOW\u00a0\u00bb color=\u00a0\u00bbwhite\u00a0\u00bb style=\u00a0\u00bboutline\u00a0\u00bb link=\u00a0\u00bb\/shop\u00a0\u00bb] [\/text_box] [\/ux_banner] [\/ux_slider] [title style=\u00a0\u00bbcenter\u00a0\u00bb text=\u00a0\u00bbProduits les plus vendus\u00a0\u00bb size=\u00a0\u00bbundefined\u00a0\u00bb] [ux_products ids=\u00a0\u00bb538,17,482,19,25,403,405,484&Prime;] [gap height=\u00a0\u00bb40px\u00a0\u00bb] [row col_style=\u00a0\u00bbdivided\u00a0\u00bb] [col span=\u00a0\u00bb4&Prime;] [featured_box img_width=\u00a0\u00bb46&Prime; pos=\u00a0\u00bbcenter\u00a0\u00bb title=\u00a0\u00bbles [&hellip;]<\/p>\n","protected":false},"author":1,"featured_media":618,"parent":0,"menu_order":1,"comment_status":"closed","ping_status":"closed","template":"","meta":{"footnotes":""},"class_list":["post-1048","page","type-page","status-publish","has-post-thumbnail","hentry"],"_links":{"self":[{"href":"https:\/\/ihealthpro.co\/fr\/wp-json\/wp\/v2\/pages\/1048","targetHints":{"allow":["GET"]}}],"collection":[{"href":"https:\/\/ihealthpro.co\/fr\/wp-json\/wp\/v2\/pages"}],"about":[{"href":"https:\/\/ihealthpro.co\/fr\/wp-json\/wp\/v2\/types\/page"}],"author":[{"embeddable":true,"href":"https:\/\/ihealthpro.co\/fr\/wp-json\/wp\/v2\/users\/1"}],"replies":[{"embeddable":true,"href":"https:\/\/ihealthpro.co\/fr\/wp-json\/wp\/v2\/comments?post=1048"}],"version-history":[{"count":0,"href":"https:\/\/ihealthpro.co\/fr\/wp-json\/wp\/v2\/pages\/1048\/revisions"}],"wp:featuredmedia":[{"embeddable":true,"href":"https:\/\/ihealthpro.co\/fr\/wp-json\/wp\/v2\/media\/618"}],"wp:attachment":[{"href":"https:\/\/ihealthpro.co\/fr\/wp-json\/wp\/v2\/media?parent=1048"}],"curies":[{"name":"wp","href":"https:\/\/api.w.org\/{rel}","templated":true}]}}