{"id":8956,"date":"2025-09-25T09:11:02","date_gmt":"2025-09-25T09:11:02","guid":{"rendered":"https:\/\/ihealthpro.co\/?page_id=8956"},"modified":"2025-09-25T09:11:07","modified_gmt":"2025-09-25T09:11:07","slug":"mentions-legales","status":"publish","type":"page","link":"https:\/\/ihealthpro.co\/fr\/mentions-legales\/","title":{"rendered":"Mentions L\u00e9gales"},"content":{"rendered":"\n<h2 class=\"wp-block-heading\">Mentions L\u00e9gales<\/h2>\n\n\n\n<p><strong>1.<\/strong> \u00c9diteur du Site Web Ce site web <a href=\"https:\/\/ihealthpro.co\/est\">https:\/\/ihealthpro.co\/est<\/a> publi\u00e9 par :<\/p>\n\n\n\n<ul class=\"wp-block-list\">\n<li>D\u00e9nomination sociale \/ Nom complet : Label Products BV.<\/li>\n\n\n\n<li>Forme juridique : BV.<\/li>\n\n\n\n<li>Si\u00e8ge social : Steenovenweg 5, 5708 HN Helmond, Pays-Bas<\/li>\n\n\n\n<li>Num\u00e9ro d&rsquo;immatriculation :65041976<\/li>\n\n\n\n<li>Num\u00e9ro de TVA intracommunautaire : NL855958029B01 <\/li>\n\n\n\n<li>Contact :<a href=\"mailto:support@labelproducts.co\">support@labelproducts.co<\/a>; <a href=\"tel:448000729935\">+448000729935<\/a><\/li>\n<\/ul>\n\n\n\n<p>2. H\u00e9bergeurLe site est h\u00e9berg\u00e9 par :<\/p>\n\n\n\n<ul class=\"wp-block-list\">\n<li>H\u00e9bergeur : Godaddy.com<\/li>\n\n\n\n<li>Adresse : Corporate Headquarters; 100 S. Mill Ave Suite 1600; Tempe, AZ 85281 USA<\/li>\n\n\n\n<li>T\u00e9l\u00e9phone : <a href=\"tel:35316535976\">+353 1 653 5976 <\/a><\/li>\n<\/ul>\n\n\n\n<p>3. Propri\u00e9t\u00e9 Intellectuelle Tous les \u00e9l\u00e9ments figurant sur le site <a href=\"https:\/\/ihealthpro.co\/,\">https:\/\/ihealthpro.co\/,<\/a> notamment les textes, graphiques, logos, images, vid\u00e9os, sons, ic\u00f4nes et leur mise en forme, sont la propri\u00e9t\u00e9 exclusive de Label Products BV. \u00e0 l&rsquo;exception des marques, logos ou contenus appartenant aux entreprises partenaires ou aux auteurs. Toute reproduction, repr\u00e9sentation, modification, publication, adaptation de tout ou partie des \u00e9l\u00e9ments du site, quels que soient les moyens ou proc\u00e9d\u00e9s utilis\u00e9s, est interdite sans l&rsquo;autorisation \u00e9crite pr\u00e9alable de Label Products BV.<\/p>\n\n\n\n<p>4. Donn\u00e9es Personnelles Conform\u00e9ment au R\u00e8glement G\u00e9n\u00e9ral sur la Protection des Donn\u00e9es (RGPD) et \u00e0 la loi fran\u00e7aise sur la protection des donn\u00e9es, les donn\u00e9es personnelles collect\u00e9es sur le site <a href=\"https:\/\/ihealthpro.co\/ \">https:\/\/ihealthpro.co\/ <\/a>font l&rsquo;objet d&rsquo;un traitement destin\u00e9 au traitement des commandes, \u00e0 la gestion des comptes clients et \u00e0 l&rsquo;assistance client\u00e8le. &#8211; Responsable du traitement : Label Products BV. &#8211; Pour exercer vos droits d&rsquo;acc\u00e8s, de rectification, d&rsquo;opposition, d&rsquo;effacement ou de portabilit\u00e9 de vos donn\u00e9es, veuillez nous contacter \u00e0 : <a href=\"mailto:support@labelproducts.co\">support@labelproducts.co<\/a> Pour plus d&rsquo;informations, veuillez consulter notre <a href=\"https:\/\/ihealthpro.co\/fr\/privacy-policy\/\">https:\/\/ihealthpro.co\/fr\/privacy-policy\/<\/a>. <\/p>\n\n\n\n<p>5. Conditions d&rsquo;Utilisation L&rsquo;utilisation du site <a href=\"https:\/\/ihealthpro.co\/fr\/terms-and-conditions\/\">https:\/\/ihealthpro.co\/fr\/terms-and-conditions\/<\/a> implique l&rsquo;acceptation pleine et enti\u00e8re des conditions g\u00e9n\u00e9rales d&rsquo;utilisation accessibles \u00e0 tout moment sur le site.<\/p>\n","protected":false},"excerpt":{"rendered":"<p>Mentions L\u00e9gales 1. \u00c9diteur du Site Web Ce site web https:\/\/ihealthpro.co\/est publi\u00e9 par : 2. H\u00e9bergeurLe site est h\u00e9berg\u00e9 par : 3. Propri\u00e9t\u00e9 Intellectuelle Tous les \u00e9l\u00e9ments figurant sur le site https:\/\/ihealthpro.co\/, notamment les textes, graphiques, logos, images, vid\u00e9os, sons, ic\u00f4nes et leur mise en forme, sont la propri\u00e9t\u00e9 exclusive de Label Products BV. \u00e0 [&hellip;]<\/p>\n","protected":false},"author":1,"featured_media":0,"parent":0,"menu_order":0,"comment_status":"closed","ping_status":"closed","template":"","meta":{"footnotes":""},"class_list":["post-8956","page","type-page","status-publish","hentry"],"_links":{"self":[{"href":"https:\/\/ihealthpro.co\/fr\/wp-json\/wp\/v2\/pages\/8956","targetHints":{"allow":["GET"]}}],"collection":[{"href":"https:\/\/ihealthpro.co\/fr\/wp-json\/wp\/v2\/pages"}],"about":[{"href":"https:\/\/ihealthpro.co\/fr\/wp-json\/wp\/v2\/types\/page"}],"author":[{"embeddable":true,"href":"https:\/\/ihealthpro.co\/fr\/wp-json\/wp\/v2\/users\/1"}],"replies":[{"embeddable":true,"href":"https:\/\/ihealthpro.co\/fr\/wp-json\/wp\/v2\/comments?post=8956"}],"version-history":[{"count":1,"href":"https:\/\/ihealthpro.co\/fr\/wp-json\/wp\/v2\/pages\/8956\/revisions"}],"predecessor-version":[{"id":8971,"href":"https:\/\/ihealthpro.co\/fr\/wp-json\/wp\/v2\/pages\/8956\/revisions\/8971"}],"wp:attachment":[{"href":"https:\/\/ihealthpro.co\/fr\/wp-json\/wp\/v2\/media?parent=8956"}],"curies":[{"name":"wp","href":"https:\/\/api.w.org\/{rel}","templated":true}]}}