{"id":4293,"date":"2023-05-24T09:31:19","date_gmt":"2023-05-24T09:31:19","guid":{"rendered":"https:\/\/ihealthpro.co\/product\/bestbelly\/"},"modified":"2024-07-09T15:41:56","modified_gmt":"2024-07-09T15:41:56","slug":"meilleur-ventre","status":"publish","type":"product","link":"https:\/\/ihealthpro.co\/fr\/produit\/meilleur-ventre\/","title":{"rendered":"BestBelly"},"content":{"rendered":"<p><strong>Fini les pilules, les r\u00e9gimes bizarres et les repas saut\u00e9s !<\/strong><br \/>\nBestBelly diffusera des ingr\u00e9dients coupe-faim sur la peau, ce qui permettra aux utilisateurs de contr\u00f4ler facilement leur consommation de nourriture. De plus, il aide \u00e0 br\u00fbler les graisses et \u00e0 augmenter le m\u00e9tabolisme, ce qui permet \u00e0 nos clients de perdre du poids plus rapidement.<br \/>\nLe patch d\u00e9livre des ingr\u00e9dients tels que la caf\u00e9ine, le sophoricoside et la capsicine directement sur la peau. Ces ingr\u00e9dients contribuent \u00e0 l&rsquo;\u00e9limination des graisses et de la cellulite et pr\u00e9viennent l&rsquo;accumulation des graisses en favorisant les capacit\u00e9s de combustion des graisses de l&rsquo;organisme. Le patch est g\u00e9n\u00e9ralement port\u00e9 pendant 8 heures, puis retir\u00e9.<\/p>\n","protected":false},"excerpt":{"rendered":"<div class=\"p-rich_text_section\"><b data-stringify-type=\"bold\">UN DESIGN ADAPT\u00c9 \u00c0 VOTRE CORPS<\/b><br \/>\nConception ergonomique pour une prise en charge pratique de l&rsquo;abdomen et de la graisse localis\u00e9e, ce qui facilite la mise en place de l&rsquo;appareil seul.<\/div>\n<div><\/div>\n<div class=\"p-rich_text_section\"><b data-stringify-type=\"bold\">LES INGR\u00c9DIENTS NATURELS :<\/b><\/div>\n<ol>\n<li class=\"p-rich_text_section\">Sophoricoside : Substance naturelle et brevet\u00e9e ayant des effets sur la r\u00e9duction du poids et des graisses.<\/li>\n<li class=\"p-rich_text_section\">Cat\u00e9chine : R\u00e9duit la cellulite et inhibe l&rsquo;accumulation des cellules graisseuses.<\/li>\n<li class=\"p-rich_text_section\">Capsa\u00efcine : Pr\u00e9vient l&rsquo;ob\u00e9sit\u00e9 et \u00e9limine la cellulite en r\u00e9duisant les graisses corporelles.<\/li>\n<li class=\"p-rich_text_section\">Caf\u00e9ine : D\u00e9truit la cellulite en assouplissant les cellules graisseuses de collage.<\/li>\n<li class=\"p-rich_text_section\">Salicornia herbaria : Soins de la peau<\/li>\n<\/ol>\n","protected":false},"featured_media":4361,"template":"","meta":[],"product_brand":[],"product_cat":[63],"product_tag":[],"class_list":{"0":"post-4293","1":"product","2":"type-product","3":"status-publish","4":"has-post-thumbnail","6":"product_cat-non-classe","8":"first","9":"instock","10":"taxable","11":"shipping-taxable","12":"purchasable","13":"product-type-simple"},"_links":{"self":[{"href":"https:\/\/ihealthpro.co\/fr\/wp-json\/wp\/v2\/product\/4293","targetHints":{"allow":["GET"]}}],"collection":[{"href":"https:\/\/ihealthpro.co\/fr\/wp-json\/wp\/v2\/product"}],"about":[{"href":"https:\/\/ihealthpro.co\/fr\/wp-json\/wp\/v2\/types\/product"}],"wp:featuredmedia":[{"embeddable":true,"href":"https:\/\/ihealthpro.co\/fr\/wp-json\/wp\/v2\/media\/4361"}],"wp:attachment":[{"href":"https:\/\/ihealthpro.co\/fr\/wp-json\/wp\/v2\/media?parent=4293"}],"wp:term":[{"taxonomy":"product_brand","embeddable":true,"href":"https:\/\/ihealthpro.co\/fr\/wp-json\/wp\/v2\/product_brand?post=4293"},{"taxonomy":"product_cat","embeddable":true,"href":"https:\/\/ihealthpro.co\/fr\/wp-json\/wp\/v2\/product_cat?post=4293"},{"taxonomy":"product_tag","embeddable":true,"href":"https:\/\/ihealthpro.co\/fr\/wp-json\/wp\/v2\/product_tag?post=4293"}],"curies":[{"name":"wp","href":"https:\/\/api.w.org\/{rel}","templated":true}]}}