{"id":4295,"date":"2023-05-24T09:16:00","date_gmt":"2023-05-24T09:16:00","guid":{"rendered":"https:\/\/ihealthpro.co\/product\/rejumask\/"},"modified":"2023-05-24T09:16:00","modified_gmt":"2023-05-24T09:16:00","slug":"rejumask","status":"publish","type":"product","link":"https:\/\/ihealthpro.co\/fr\/produit\/rejumask\/","title":{"rendered":"RejuMask"},"content":{"rendered":"<h4>Une peau impeccable \u00e0 la maison avec RejuMask &#8211; finis les traitements co\u00fbteux dans les spas !<\/h4>\n<p><strong>DES SOINS DE BEAUT\u00c9 \u00c0 DOMICILE DIGNES D&rsquo;UN SPA<\/strong><br \/>\nOffrez-vous des soins de beaut\u00e9 dignes d&rsquo;un spa dans le confort de votre maison gr\u00e2ce \u00e0 notre masque de beaut\u00e9 LED. Cette solution de beaut\u00e9 innovante offre l&rsquo;ultime exp\u00e9rience de soins \u00e0 domicile, vous permettant d&rsquo;obtenir une peau \u00e9clatante et d&rsquo;apparence jeune sans les tracas et les d\u00e9penses li\u00e9s aux rendez-vous dans les spas.<\/p>\n<p><strong>PRATIQUE ET EFFICACE<\/strong><br \/>\nCon\u00e7u pour les personnes modernes et mobiles, notre masque facial \u00e0 LED est rechargeable et permet jusqu&rsquo;\u00e0 5 \u00e0 8 utilisations avec une seule charge. Cette caract\u00e9ristique le rend pratique et efficace \u00e0 utiliser sans aucun effort. Dites adieu \u00e0 la corv\u00e9e de branchement et de recharge \u00e0 chaque fois que vous avez besoin de l&rsquo;utiliser.<\/p>\n<p><strong>TRAITEMENT NATUREL APPROUV\u00c9 PAR LES DERMATOLOGUES<\/strong><br \/>\nNotre masque facial LED est un traitement naturel approuv\u00e9 par les dermatologues qui exploite la puissance de la luminoth\u00e9rapie pour p\u00e9n\u00e9trer profond\u00e9ment dans votre peau et stimuler la gu\u00e9rison et le rajeunissement au niveau cellulaire. Les longueurs d&rsquo;onde s\u00fbres garantissent l&rsquo;absence d&rsquo;effets nocifs, ce qui en fait une option naturelle et sans produits chimiques pour les personnes \u00e0 la recherche d&rsquo;un traitement de beaut\u00e9 efficace.<\/p>\n<p><strong>CONVIENT \u00c0 TOUS LES TYPES DE PEAU<\/strong><br \/>\nNotre masque facial LED est con\u00e7u avec des mat\u00e9riaux naturels, s\u00fbrs et s\u00e9curis\u00e9s, ce qui le rend adapt\u00e9 \u00e0 tous les types de peau. Que vous ayez une peau grasse, s\u00e8che ou sensible, notre masque facial \u00e0 LED est une solution efficace \u00e0 toute une s\u00e9rie de probl\u00e8mes de peau, notamment l&rsquo;aspect terne, les pores visibles, la peau grasse, s\u00e8che et qui p\u00e8le, ainsi que la k\u00e9ratose. Avec sept r\u00e9glages au choix, vous pouvez personnaliser votre traitement en fonction de vos besoins individuels.<\/p>\n","protected":false},"excerpt":{"rendered":"<h5>Avec RejuMask, profitez d&rsquo;une peau digne d&rsquo;un spa depuis chez vous.<\/h5>\n<p><img decoding=\"async\" src=\"data:image\/gif;base64,R0lGODlhAQABAIAAAAAAAP\/\/\/yH5BAEAAAAALAAAAAABAAEAAAIBRAA7\" alt=\"\u00e9moji scintillant\">Technologie LED<br \/>\nApprouv\u00e9 par les dermatologues<br \/>\n\u2728 Portable et rechargeable<br \/>\n\u2728 Tous types de peau<br \/>\n\u2728 S\u00fbr et naturel<\/p>\n<p>Brillez dans le confort de votre maison avec le MASQUE REJU. Notre masque facial LED approuv\u00e9 par les dermatologues exploite la puissance de la luminoth\u00e9rapie LED pour revitaliser et renouveler votre peau. Obtenez facilement un teint \u00e9clatant et jeune, en r\u00e9duisant l&rsquo;acn\u00e9, les rides et le teint terne. Pratique et efficace, le MASQUE REJU est votre ultime solution de beaut\u00e9.<\/p>\n","protected":false},"featured_media":4393,"template":"","meta":[],"product_brand":[],"product_cat":[63],"product_tag":[],"class_list":{"0":"post-4295","1":"product","2":"type-product","3":"status-publish","4":"has-post-thumbnail","6":"product_cat-non-classe","8":"first","9":"instock","10":"taxable","11":"shipping-taxable","12":"purchasable","13":"product-type-simple"},"_links":{"self":[{"href":"https:\/\/ihealthpro.co\/fr\/wp-json\/wp\/v2\/product\/4295","targetHints":{"allow":["GET"]}}],"collection":[{"href":"https:\/\/ihealthpro.co\/fr\/wp-json\/wp\/v2\/product"}],"about":[{"href":"https:\/\/ihealthpro.co\/fr\/wp-json\/wp\/v2\/types\/product"}],"wp:featuredmedia":[{"embeddable":true,"href":"https:\/\/ihealthpro.co\/fr\/wp-json\/wp\/v2\/media\/4393"}],"wp:attachment":[{"href":"https:\/\/ihealthpro.co\/fr\/wp-json\/wp\/v2\/media?parent=4295"}],"wp:term":[{"taxonomy":"product_brand","embeddable":true,"href":"https:\/\/ihealthpro.co\/fr\/wp-json\/wp\/v2\/product_brand?post=4295"},{"taxonomy":"product_cat","embeddable":true,"href":"https:\/\/ihealthpro.co\/fr\/wp-json\/wp\/v2\/product_cat?post=4295"},{"taxonomy":"product_tag","embeddable":true,"href":"https:\/\/ihealthpro.co\/fr\/wp-json\/wp\/v2\/product_tag?post=4295"}],"curies":[{"name":"wp","href":"https:\/\/api.w.org\/{rel}","templated":true}]}}