{"id":4297,"date":"2022-12-02T15:19:54","date_gmt":"2022-12-02T15:19:54","guid":{"rendered":"https:\/\/ihealthpro.co\/product\/blendit\/"},"modified":"2022-12-02T15:19:54","modified_gmt":"2022-12-02T15:19:54","slug":"gogo-blendit","status":"publish","type":"product","link":"https:\/\/ihealthpro.co\/fr\/produit\/gogo-blendit\/","title":{"rendered":"Blendit"},"content":{"rendered":"<h4>Con\u00e7u pour \u00eatre compact et l\u00e9ger sans sacrifier la puissance !<\/h4>\n<p><strong>CONCEPTION ERGONOMIQUE<\/strong><br \/>\nLe Blendit est con\u00e7u pour \u00eatre compact et l\u00e9ger sans sacrifier la puissance, ce qui en fait le mixeur portable id\u00e9al. Depuis des ann\u00e9es, les gens utilisent des mixeurs puissants (et souvent co\u00fbteux) dans leur cuisine pour pr\u00e9parer des milk-shakes, des soupes, des smoothies, des aliments pour b\u00e9b\u00e9 et des boissons. Heureusement, gr\u00e2ce aux progr\u00e8s de la technologie, ce genre de choses n&rsquo;est plus limit\u00e9 exclusivement \u00e0 votre cuisine.<\/p>\n<p><b>MULTIFONCTIONNEL<br \/>\n<\/b>Gr\u00e2ce \u00e0 son puissant moteur, le Blendlt peut facilement mixer des fruits frais ou surgel\u00e9s, des l\u00e9gumes verts \u00e0 feuilles, de la glace. Il est id\u00e9al pour pr\u00e9parer une grande vari\u00e9t\u00e9 de choses, y compris des boissons de qualit\u00e9 bar, des boissons m\u00e9lang\u00e9es, des lattes glac\u00e9s, des smoothies aux fruits, des aliments pour b\u00e9b\u00e9s, des trempettes faites maison, des milkshakes, des slushies, des vinaigrettes et plus encore !<\/p>\n<p><strong>PORTABLE<\/strong><br \/>\nL\u00e9ger et portable, vous pouvez facilement emporter le BlendIt partout avec vous. Il se recharge rapidement via le port USB, chaque charge permettant d&rsquo;obtenir 14 m\u00e9langes. Se glisse parfaitement dans votre sac \u00e0 dos ou votre sac.<\/p>\n<p><strong>NETTOYAGE RAPIDE<\/strong><br \/>\nL&rsquo;un des principaux reproches que les gens font \u00e0 leur mixeur est qu&rsquo;il est tr\u00e8s difficile \u00e0 nettoyer. Pas de probl\u00e8me avec le Blendlt ! Il suffit d&rsquo;ajouter du savon et de l&rsquo;eau dans le m\u00e9langeur, de le mettre en marche pendant quelques secondes, puis de le rincer. C&rsquo;est \u00e7a ! Le puissant moteur du Blendit fait le reste.<\/p>\n","protected":false},"excerpt":{"rendered":"<h5>Ne faites pas n&rsquo;importe quoi avec votre alimentation. M\u00e9langez-le !<\/h5>\n<p>\ud83e\udd5d Portable mais puissant<br \/>\n\ud83c\udf53 Cool design<br \/>\n\ud83c\udf4f USB rechargeable<br \/>\n\ud83c\udf4c Auto-nettoyage<br \/>\n\ud83c\udf4d Multifonctionnel<\/p>\n<p>Le blender portable, puissant et l\u00e9ger, con\u00e7u pour un shake parfait \u00e0 tout moment et en tout lieu. Pr\u00e9parez votre milkshake pr\u00e9f\u00e9r\u00e9 en d\u00e9placement sans avoir \u00e0 chercher une prise de courant gr\u00e2ce \u00e0 cet appareil innovant et \u00e0 la pointe de la technologie. Rester en bonne sant\u00e9 est devenu facile !<\/p>\n","protected":false},"featured_media":4401,"template":"","meta":[],"product_brand":[],"product_cat":[63],"product_tag":[],"class_list":{"0":"post-4297","1":"product","2":"type-product","3":"status-publish","4":"has-post-thumbnail","6":"product_cat-non-classe","8":"first","9":"instock","10":"taxable","11":"shipping-taxable","12":"purchasable","13":"product-type-simple"},"_links":{"self":[{"href":"https:\/\/ihealthpro.co\/fr\/wp-json\/wp\/v2\/product\/4297","targetHints":{"allow":["GET"]}}],"collection":[{"href":"https:\/\/ihealthpro.co\/fr\/wp-json\/wp\/v2\/product"}],"about":[{"href":"https:\/\/ihealthpro.co\/fr\/wp-json\/wp\/v2\/types\/product"}],"wp:featuredmedia":[{"embeddable":true,"href":"https:\/\/ihealthpro.co\/fr\/wp-json\/wp\/v2\/media\/4401"}],"wp:attachment":[{"href":"https:\/\/ihealthpro.co\/fr\/wp-json\/wp\/v2\/media?parent=4297"}],"wp:term":[{"taxonomy":"product_brand","embeddable":true,"href":"https:\/\/ihealthpro.co\/fr\/wp-json\/wp\/v2\/product_brand?post=4297"},{"taxonomy":"product_cat","embeddable":true,"href":"https:\/\/ihealthpro.co\/fr\/wp-json\/wp\/v2\/product_cat?post=4297"},{"taxonomy":"product_tag","embeddable":true,"href":"https:\/\/ihealthpro.co\/fr\/wp-json\/wp\/v2\/product_tag?post=4297"}],"curies":[{"name":"wp","href":"https:\/\/api.w.org\/{rel}","templated":true}]}}