{"id":4299,"date":"2022-12-02T15:19:53","date_gmt":"2022-12-02T15:19:53","guid":{"rendered":"https:\/\/ihealthpro.co\/product\/pureinsoles\/"},"modified":"2022-12-02T15:19:53","modified_gmt":"2022-12-02T15:19:53","slug":"pureinsole","status":"publish","type":"product","link":"https:\/\/ihealthpro.co\/fr\/produit\/pureinsole\/","title":{"rendered":"PureInSoles"},"content":{"rendered":"<h4>Des r\u00e9sultats durables pour soulager la douleur et le stress avec PureInsole<\/h4>\n<p><strong>SOULAGEMENT DE LA DOULEUR EN UN INSTANT<\/strong><br \/>\nLe processus naturel de vieillissement va souvent de pair avec des douleurs croissantes. Au lieu de prendre des analg\u00e9siques contenant toutes sortes d&rsquo;ingr\u00e9dients artificiels, les semelles PureInsoles se glissent \u00e0 l&rsquo;int\u00e9rieur de votre chaussure pour offrir un rem\u00e8de naturel contre les douleurs chroniques du pied, en utilisant des m\u00e9thodes d&rsquo;acupression asiatiques traditionnelles. Profitez des bienfaits de la r\u00e9flexologie et de l&rsquo;acupression partout o\u00f9 vous allez.<\/p>\n<p><strong>TAILLE UNIQUE<\/strong><br \/>\nLes semelles PureInSoles sont propos\u00e9es dans un design dit \u00ab\u00a0taille unique\u00a0\u00bb. Cela signifie que vous pouvez personnaliser les semelles PureInSoles pour les adapter \u00e0 vos besoins. Elles comportent des instructions claires sur la fa\u00e7on de couper votre semelle int\u00e9rieure pour qu&rsquo;elle s&rsquo;adapte \u00e0 n&rsquo;importe quelle chaussure, de sorte que vous n&rsquo;aurez jamais \u00e0 vous en passer. Que vous souhaitiez porter des talons ou des chaussures ouvertes, les semelles PureInsoles peuvent \u00eatre facilement transf\u00e9r\u00e9es sur votre paire pr\u00e9f\u00e9r\u00e9e.<\/p>\n<p><strong>400 POINTS DE MASSAGE POUR UN CONFORT ULTIME<\/strong><br \/>\nUne circulation sanguine saine est encourag\u00e9e par 5 points de refroidissement, cr\u00e9ant des ondes magn\u00e9tiques naturelles. 12 grands points d&rsquo;acuponcture et 120 points d&rsquo;acuponcture moyens \u00e0 masser \u00e0 chaque pas. 270 micro-acupoints, visant \u00e0 r\u00e9duire le stress et \u00e0 soulager la douleur.<\/p>\n<p><strong>AUTRES AVANTAGES<\/strong><br \/>\nLe soulagement de la douleur n&rsquo;est pas le seul avantage ; les points d&rsquo;acupuncture sp\u00e9cialement con\u00e7us apaisent et r\u00e9tablissent l&rsquo;\u00e9quilibre, en ciblant tout stress et toute anxi\u00e9t\u00e9 dans votre corps. En stimulant les canaux nerveux, les semelles PureInsoles procurent un regain d&rsquo;\u00e9nergie pour vous permettre de tenir toute la journ\u00e9e.<\/p>\n","protected":false},"excerpt":{"rendered":"<h5>Semelles d&rsquo;acupression professionnelles<\/h5>\n<p>\u2705 Con\u00e7u pour s&rsquo;adapter \u00e0 toutes les chaussures<br \/>\n\u2705 400 points de massage<br \/>\n\u2705 Confort ultime<br \/>\n\u2705 M\u00e9thodes de gu\u00e9rison holistiques par acupression<br \/>\n\u2705 Lib\u00e9rer les tensions musculaires<\/p>\n<p><span style=\"font-weight: 400;\">Les pieds gonfl\u00e9s et douloureux feront partie du pass\u00e9 avec PureInSoles. Associant les principes anciens de l&rsquo;acupression aux avanc\u00e9es modernes des bienfaits th\u00e9rapeutiques de la technologie des aimants, ce produit r\u00e9volutionnaire aide \u00e0 soulager le stress et l&rsquo;inflammation de vos pieds.<\/span><\/p>\n","protected":false},"featured_media":4409,"template":"","meta":[],"product_brand":[],"product_cat":[63],"product_tag":[],"class_list":{"0":"post-4299","1":"product","2":"type-product","3":"status-publish","4":"has-post-thumbnail","6":"product_cat-non-classe","8":"first","9":"instock","10":"taxable","11":"shipping-taxable","12":"purchasable","13":"product-type-simple"},"_links":{"self":[{"href":"https:\/\/ihealthpro.co\/fr\/wp-json\/wp\/v2\/product\/4299","targetHints":{"allow":["GET"]}}],"collection":[{"href":"https:\/\/ihealthpro.co\/fr\/wp-json\/wp\/v2\/product"}],"about":[{"href":"https:\/\/ihealthpro.co\/fr\/wp-json\/wp\/v2\/types\/product"}],"wp:featuredmedia":[{"embeddable":true,"href":"https:\/\/ihealthpro.co\/fr\/wp-json\/wp\/v2\/media\/4409"}],"wp:attachment":[{"href":"https:\/\/ihealthpro.co\/fr\/wp-json\/wp\/v2\/media?parent=4299"}],"wp:term":[{"taxonomy":"product_brand","embeddable":true,"href":"https:\/\/ihealthpro.co\/fr\/wp-json\/wp\/v2\/product_brand?post=4299"},{"taxonomy":"product_cat","embeddable":true,"href":"https:\/\/ihealthpro.co\/fr\/wp-json\/wp\/v2\/product_cat?post=4299"},{"taxonomy":"product_tag","embeddable":true,"href":"https:\/\/ihealthpro.co\/fr\/wp-json\/wp\/v2\/product_tag?post=4299"}],"curies":[{"name":"wp","href":"https:\/\/api.w.org\/{rel}","templated":true}]}}