{"id":4302,"date":"2020-10-01T14:44:47","date_gmt":"2020-10-01T14:44:47","guid":{"rendered":"https:\/\/ihealthpro.co\/product\/kneehero\/"},"modified":"2020-10-01T14:44:47","modified_gmt":"2020-10-01T14:44:47","slug":"kneehero","status":"publish","type":"product","link":"https:\/\/ihealthpro.co\/fr\/produit\/kneehero\/","title":{"rendered":"KneeHero"},"content":{"rendered":"<h4>Votre source de soulagement des genoux raides, fatigu\u00e9s et douloureux<\/h4>\n<p><strong>UNE TECHNOLOGIE DE POINTE<\/strong><br \/>\nLa technologie de stabilisation de pointe permet une gamme compl\u00e8te de mouvements sans torsion ni entorse. KneeHero maintient l&rsquo;articulation dans la bonne position et r\u00e9duit le risque de blessure ou d&rsquo;aggravation de la blessure. La gaine de genou permet de stabiliser les articulations, de r\u00e9duire la douleur et, en outre, gr\u00e2ce \u00e0 une adh\u00e9rence continue, elle contribue \u00e0 une augmentation locale et b\u00e9n\u00e9fique de la temp\u00e9rature de la zone du genou, ce qui peut favoriser la r\u00e9g\u00e9n\u00e9ration.<\/p>\n<p><strong>UN CONFORT MAXIMAL<\/strong><br \/>\nKneeHero est fabriqu\u00e9 dans une mati\u00e8re l\u00e9g\u00e8re, extensible et respirante qui peut \u00eatre jet\u00e9e dans votre machine \u00e0 laver ou lav\u00e9e \u00e0 la main \u00e0 l&rsquo;eau chaude. KneeHero est fabriqu\u00e9 dans un mat\u00e9riau souple et \u00e9lastique nouvellement d\u00e9velopp\u00e9. Vous remarquerez \u00e0 peine que vous portez une genouill\u00e8re. Une coupe ajust\u00e9e permet un confort maximal. Le mat\u00e9riau est respirant et extensible.<\/p>\n<p><strong>S\u00dbR, EFFICACE ET NATUREL<\/strong><br \/>\nParfait pour les hommes et les femmes, le design \u00e9pur\u00e9 de KneeHero est si discret que personne ne saura que vous le portez sous votre pantalon. Il est s\u00fbr \u00e0 utiliser pour tout le monde et super efficace. KneeHero est fabriqu\u00e9 en n\u00e9opr\u00e8ne tr\u00e8s souple qui garde vos genoux au chaud, lubrifie vos articulations et pr\u00e9vient les blessures.<\/p>\n<p><strong>MULTIFONCTIONNEL<\/strong><br \/>\nKneeHero est recommand\u00e9 aux personnes \u00e2g\u00e9es comme mesure pr\u00e9ventive lors des longues promenades. Il convient \u00e9galement \u00e0 tous les sports : toutes les activit\u00e9s sportives qui sollicitent beaucoup les articulations, comme la course \u00e0 pied, le basket-ball, le football, le golf, le cyclisme, le tennis, la randonn\u00e9e, le volley-ball, le ski, le snowboard, etc. Am\u00e9liore l&rsquo;endurance musculaire, prot\u00e8ge le genou.<\/p>\n","protected":false},"excerpt":{"rendered":"<h5>Voici le manchon de compression du genou de qualit\u00e9 sup\u00e9rieure, class\u00e9 n\u00b01.<\/h5>\n<p>\u2b50 Profil bas et design \u00e9pur\u00e9<br \/>\n\u2b50 S\u00fbr, efficace et naturel<br \/>\n\u2b50 L&rsquo;ajustement profil\u00e9 permet un confort maximal et emp\u00eache le glissement.<br \/>\n\u2b50 Permet une amplitude de mouvement compl\u00e8te sans torsion ni entorse.<br \/>\n\u2b50 Mat\u00e9riau souple en n\u00e9opr\u00e8ne<\/p>\n<p>Les manchons de compression du genou sont recommand\u00e9s par des m\u00e9decins et des physioth\u00e9rapeutes du monde entier, et KneeHero est le manchon de compression du genou le mieux not\u00e9 aujourd&rsquo;hui. KneeHero aide \u00e0 se remettre d&rsquo;une blessure, pr\u00e9vient les blessures et les douleurs, augmente le flux d&rsquo;oxyg\u00e8ne vers les tissus musculaires et r\u00e9duit le temps de r\u00e9cup\u00e9ration apr\u00e8s une activit\u00e9, comme l&rsquo;ont montr\u00e9 de nombreuses \u00e9tudes.<\/p>\n","protected":false},"featured_media":2700,"template":"","meta":[],"product_brand":[],"product_cat":[63],"product_tag":[],"class_list":{"0":"post-4302","1":"product","2":"type-product","3":"status-publish","4":"has-post-thumbnail","6":"product_cat-non-classe","8":"first","9":"instock","10":"taxable","11":"shipping-taxable","12":"purchasable","13":"product-type-simple"},"_links":{"self":[{"href":"https:\/\/ihealthpro.co\/fr\/wp-json\/wp\/v2\/product\/4302","targetHints":{"allow":["GET"]}}],"collection":[{"href":"https:\/\/ihealthpro.co\/fr\/wp-json\/wp\/v2\/product"}],"about":[{"href":"https:\/\/ihealthpro.co\/fr\/wp-json\/wp\/v2\/types\/product"}],"wp:featuredmedia":[{"embeddable":true,"href":"https:\/\/ihealthpro.co\/fr\/wp-json\/wp\/v2\/media\/2700"}],"wp:attachment":[{"href":"https:\/\/ihealthpro.co\/fr\/wp-json\/wp\/v2\/media?parent=4302"}],"wp:term":[{"taxonomy":"product_brand","embeddable":true,"href":"https:\/\/ihealthpro.co\/fr\/wp-json\/wp\/v2\/product_brand?post=4302"},{"taxonomy":"product_cat","embeddable":true,"href":"https:\/\/ihealthpro.co\/fr\/wp-json\/wp\/v2\/product_cat?post=4302"},{"taxonomy":"product_tag","embeddable":true,"href":"https:\/\/ihealthpro.co\/fr\/wp-json\/wp\/v2\/product_tag?post=4302"}],"curies":[{"name":"wp","href":"https:\/\/api.w.org\/{rel}","templated":true}]}}