{"id":4304,"date":"2021-11-29T09:37:04","date_gmt":"2021-11-29T09:37:04","guid":{"rendered":"https:\/\/ihealthpro.co\/product\/comprex-ankle-sleeves\/"},"modified":"2021-11-29T09:37:04","modified_gmt":"2021-11-29T09:37:04","slug":"comprexanklesleeves","status":"publish","type":"product","link":"https:\/\/ihealthpro.co\/fr\/produit\/comprexanklesleeves\/","title":{"rendered":"Comprex Ankle Sleeves"},"content":{"rendered":"<h4>CONCEPTION DURABLE ET EXTENSIBILIT\u00c9 4 VOIES POUR UNE GAMME COMPL\u00c8TE DE MOUVEMENTS<\/h4>\n<p><strong>MAT\u00c9RIAU CONFORTABLE ET DURABLE<\/strong><br \/>\nNos Comprex Ankle Sleeves sont fabriqu\u00e9s \u00e0 partir d&rsquo;un m\u00e9lange exclusif de 93 % de nylon et de 7 % de spandex. Gr\u00e2ce au stretch 4 voies, vous ne ressentirez pas trop de r\u00e9sistance en enfilant les Comprex Ankle Sleeves. La conception sans orteils garde vos pieds au sec et au frais. Nos manchons l\u00e9gers et confortables peuvent \u00eatre port\u00e9s sous des chaussettes de sport ou de mode pour un soutien suppl\u00e9mentaire de la vo\u00fbte plantaire.<\/p>\n<p><strong>COMPRESSION GRADU\u00c9E<\/strong><br \/>\nLes chaussettes de compression gradu\u00e9e exercent le plus fort degr\u00e9 de compression \u00e0 la cheville, et le niveau de compression diminue progressivement vers le haut des chaussettes. Cela oblige le sang \u00e0 se d\u00e9placer vers le haut, o\u00f9 il y a plus d&rsquo;espace.<\/p>\n<p><strong>SOUTIEN EFFICACE DE LA CHEVILLE<\/strong><br \/>\nLe fait de raidir l&rsquo;articulation de la cheville avec un stabilisateur souple limite sa mobilit\u00e9, ce qui favorise la r\u00e9g\u00e9n\u00e9ration apr\u00e8s une entorse, une luxation, une fracture ou une op\u00e9ration. Le stabilisateur peut \u00e9galement \u00eatre utilis\u00e9 \u00e0 titre prophylactique chez les athl\u00e8tes particuli\u00e8rement expos\u00e9s au risque de blessure. Elle permet \u00e9galement de pr\u00e9venir les blessures chez les personnes \u00e2g\u00e9es dont les chevilles sont moins stables en raison des changements d\u00e9g\u00e9n\u00e9ratifs li\u00e9s \u00e0 l&rsquo;\u00e2ge. Une meilleure stabilisation des articulations de la cheville permet d&rsquo;\u00e9viter les entorses, les luxations et donc les chutes dangereuses.<\/p>\n","protected":false},"excerpt":{"rendered":"<h5>SOUTENEZ ET PROT\u00c9GEZ VOS CHEVILLES !<\/h5>\n<p>\u2705 Conception durable<br \/>\n\u2705 R\u00e9duire les gonflements, les douleurs et les courbatures<br \/>\n\u2705 Compression gradu\u00e9e<br \/>\n\u2705 Aide \u00e0 lutter contre la fatigue, \u00e0 r\u00e9duire votre temps de r\u00e9cup\u00e9ration global.<br \/>\n\u2705 Utiliser \u00e0 titre prophylactique ou pour pr\u00e9venir les blessures.<\/p>\n<p>L&rsquo;augmentation de la circulation sanguine aidera \u00e0 reconstruire les tissus mous endommag\u00e9s. Les chaussettes de compression peuvent vous aider \u00e0 \u00eatre plus performant, que ce soit \u00e0 l&rsquo;entra\u00eenement ou au travail, et \u00e0 am\u00e9liorer votre r\u00e9cup\u00e9ration \u00e0 la fin de la journ\u00e9e.<\/p>\n","protected":false},"featured_media":4441,"template":"","meta":[],"product_brand":[],"product_cat":[63],"product_tag":[],"class_list":{"0":"post-4304","1":"product","2":"type-product","3":"status-publish","4":"has-post-thumbnail","6":"product_cat-non-classe","8":"first","9":"instock","10":"sale","11":"taxable","12":"shipping-taxable","13":"purchasable","14":"product-type-simple"},"_links":{"self":[{"href":"https:\/\/ihealthpro.co\/fr\/wp-json\/wp\/v2\/product\/4304","targetHints":{"allow":["GET"]}}],"collection":[{"href":"https:\/\/ihealthpro.co\/fr\/wp-json\/wp\/v2\/product"}],"about":[{"href":"https:\/\/ihealthpro.co\/fr\/wp-json\/wp\/v2\/types\/product"}],"wp:featuredmedia":[{"embeddable":true,"href":"https:\/\/ihealthpro.co\/fr\/wp-json\/wp\/v2\/media\/4441"}],"wp:attachment":[{"href":"https:\/\/ihealthpro.co\/fr\/wp-json\/wp\/v2\/media?parent=4304"}],"wp:term":[{"taxonomy":"product_brand","embeddable":true,"href":"https:\/\/ihealthpro.co\/fr\/wp-json\/wp\/v2\/product_brand?post=4304"},{"taxonomy":"product_cat","embeddable":true,"href":"https:\/\/ihealthpro.co\/fr\/wp-json\/wp\/v2\/product_cat?post=4304"},{"taxonomy":"product_tag","embeddable":true,"href":"https:\/\/ihealthpro.co\/fr\/wp-json\/wp\/v2\/product_tag?post=4304"}],"curies":[{"name":"wp","href":"https:\/\/api.w.org\/{rel}","templated":true}]}}