{"id":4305,"date":"2022-12-02T15:19:52","date_gmt":"2022-12-02T15:19:52","guid":{"rendered":"https:\/\/ihealthpro.co\/product\/pure-silkskin\/"},"modified":"2022-12-02T15:19:52","modified_gmt":"2022-12-02T15:19:52","slug":"pure-silkskin","status":"publish","type":"product","link":"https:\/\/ihealthpro.co\/fr\/produit\/pure-silkskin\/","title":{"rendered":"Pure SilkSkin"},"content":{"rendered":"<h4>Moins cher que le laser et beaucoup moins douloureux que l&rsquo;\u00e9pilation \u00e0 la cire !<\/h4>\n<p><strong>TECHNOLOGIE DE POINTE<\/strong><br \/>\nL&rsquo;\u00e9pilateur Pure SilkSkin IPL utilise une forme de luminoth\u00e9rapie connue sous le nom de technologie IPL (Intense Pulsed Light) pour \u00e9liminer les poils du corps. Une impulsion d&rsquo;\u00e9nergie lumineuse est transf\u00e9r\u00e9e \u00e0 travers la peau et absorb\u00e9e par la m\u00e9lanine de la tige du poil, o\u00f9 elle est convertie en \u00e9nergie thermique. Cette \u00e9nergie thermique emp\u00eache toute nouvelle croissance du poil. 5 modes de flash qui rendent l&rsquo;\u00e9pilation simple en fonction de vos poils.<\/p>\n<p><strong>FACILE \u00c0 UTILISER<\/strong><br \/>\nPour obtenir les meilleurs r\u00e9sultats, nous vous recommandons de vous raser avec un rasoir avant d&rsquo;utiliser votre \u00e9pilateur IPL Pure SilkSkin pour la premi\u00e8re fois. Ensuite, il suffit d&rsquo;appuyer l&rsquo;appareil sur votre peau \u00e0 l&rsquo;endroit o\u00f9 vous souhaitez \u00e9liminer le poil pour qu&rsquo;il \u00e9mette une impulsion (flash rapide) de lumi\u00e8re vive. C&rsquo;est tout ce que vous devez faire pour commencer le processus d&rsquo;\u00e9pilation ! 600 000 flashs possibles pour un traitement d&rsquo;\u00e9pilation complet et permanent.<\/p>\n<p><strong>GAGNEZ DU TEMPS<\/strong><br \/>\nUne femme passe en moyenne 1 728 heures \u00e0 se raser les jambes au cours de sa vie. L&rsquo;utilisation de l&rsquo;\u00e9pilateur IPL Pure SilkSkin pourrait vous faire gagner des centaines d&rsquo;heures !<\/p>\n<p><strong>SOLUTION \u00c0 LONG TERME<\/strong><br \/>\nLe Pure SilkSkin est une solution id\u00e9ale pour une \u00e9pilation permanente \u00e0 long terme, avec des r\u00e9sultats visibles en seulement 4 semaines, et des r\u00e9sultats complets en 12 semaines. emp\u00eachera compl\u00e8tement les poils ind\u00e9sirables de repousser.<\/p>\n","protected":false},"excerpt":{"rendered":"<h5>Dites adieu aux poils superflus, sans douleur et pour toujours !<\/h5>\n<p>\u2728 Derni\u00e8res technologies<br \/>\n\u2728 Lumi\u00e8re laser de qualit\u00e9 studio<br \/>\n\u2728 \u00c9pilation sans douleur<br \/>\n\u2728 Facile \u00e0 utiliser<br \/>\n\u2728 Design lisse<\/p>\n<p>L&rsquo;\u00e9pilateur Pure SilkSkin utilise une forme de luminoth\u00e9rapie connue sous le nom de technologie de la lumi\u00e8re puls\u00e9e intense (IPL) pour \u00e9liminer les poils du corps. L&rsquo;\u00e9pilation \u00e0 la lumi\u00e8re puls\u00e9e Pure SilkSkin \u00e9limine vos poils ind\u00e9sirables de mani\u00e8re simple, douce, rapide et fiable.<\/p>\n","protected":false},"featured_media":4421,"template":"","meta":[],"product_brand":[],"product_cat":[63],"product_tag":[],"class_list":{"0":"post-4305","1":"product","2":"type-product","3":"status-publish","4":"has-post-thumbnail","6":"product_cat-non-classe","8":"first","9":"instock","10":"taxable","11":"shipping-taxable","12":"purchasable","13":"product-type-simple"},"_links":{"self":[{"href":"https:\/\/ihealthpro.co\/fr\/wp-json\/wp\/v2\/product\/4305","targetHints":{"allow":["GET"]}}],"collection":[{"href":"https:\/\/ihealthpro.co\/fr\/wp-json\/wp\/v2\/product"}],"about":[{"href":"https:\/\/ihealthpro.co\/fr\/wp-json\/wp\/v2\/types\/product"}],"wp:featuredmedia":[{"embeddable":true,"href":"https:\/\/ihealthpro.co\/fr\/wp-json\/wp\/v2\/media\/4421"}],"wp:attachment":[{"href":"https:\/\/ihealthpro.co\/fr\/wp-json\/wp\/v2\/media?parent=4305"}],"wp:term":[{"taxonomy":"product_brand","embeddable":true,"href":"https:\/\/ihealthpro.co\/fr\/wp-json\/wp\/v2\/product_brand?post=4305"},{"taxonomy":"product_cat","embeddable":true,"href":"https:\/\/ihealthpro.co\/fr\/wp-json\/wp\/v2\/product_cat?post=4305"},{"taxonomy":"product_tag","embeddable":true,"href":"https:\/\/ihealthpro.co\/fr\/wp-json\/wp\/v2\/product_tag?post=4305"}],"curies":[{"name":"wp","href":"https:\/\/api.w.org\/{rel}","templated":true}]}}