{"id":4308,"date":"2021-11-08T09:58:11","date_gmt":"2021-11-08T09:58:11","guid":{"rendered":"https:\/\/ihealthpro.co\/product\/purefeet\/"},"modified":"2021-11-08T09:58:11","modified_gmt":"2021-11-08T09:58:11","slug":"pieds-purs","status":"publish","type":"product","link":"https:\/\/ihealthpro.co\/fr\/produit\/pieds-purs\/","title":{"rendered":"PureFeet"},"content":{"rendered":"<h4>Donnez un coup de pouce \u00e0 la nature !<\/h4>\n<p><strong>VOIE NATURELLE<\/strong><\/p>\n<p>Les patchs de d\u00e9sintoxication PureFeet utilisent des techniques de gu\u00e9rison anciennes pour extraire les toxines nocives de votre corps sans aucun effort de votre part. Les patchs de d\u00e9sintoxication PureFeet utilisent des ingr\u00e9dients naturels tels que la tourmaline, la carapace, l&rsquo;amidon de ma\u00efs, le vinaigre de bois, la vitamine C, les ions minus, le vinaigre de bambou, la poudre de plantes. Vous devez \u00e9tudier attentivement les ingr\u00e9dients de PureFeet et \u00e9valuer leurs effets par rapport \u00e0 votre propre \u00e9tat, vos allergies, etc.<\/p>\n<p><strong>D\u00c9TOXIFICATION<\/strong><br \/>\nSavez-vous que votre corps peut accumuler beaucoup de toxines ? Ils peuvent provoquer des probl\u00e8mes de sant\u00e9 tels que : l\u00e9thargie, maux de t\u00eate, insomnie, vieillissement acc\u00e9l\u00e9r\u00e9, brouillard c\u00e9r\u00e9bral, probl\u00e8mes de peau, etc. Votre corps dispose de plusieurs moyens pour tenter d&rsquo;\u00e9liminer les toxines nocives. L&rsquo;une d&rsquo;entre elles consiste \u00e0 les faire transpirer (c&rsquo;est l&rsquo;une des raisons pour lesquelles les professionnels de la sant\u00e9 recommandent de boire beaucoup d&rsquo;eau tout au long de la journ\u00e9e). Mais lorsque les toxines se sont accumul\u00e9es \u00e0 des niveaux importants dans votre organisme, la nature peut avoir besoin d&rsquo;un petit \u00ab\u00a0coup de pouce\u00a0\u00bb. C&rsquo;est l\u00e0 que les patchs de d\u00e9sintoxication PureFeet peuvent vous aider.<\/p>\n<p><strong>FACILE \u00c0 UTILISER<br \/>\n<\/strong>\u00c9tape 1 : Placez le patch au milieu du pied. La face souple du patch doit \u00eatre en contact avec la peau.<br \/>\n\u00c9tape 2 : Appliquez le deuxi\u00e8me patch sur l&rsquo;autre pied OU sur une autre partie du corps.<br \/>\n\u00c9tape 3 : Laissez les patchs en place pendant 6 \u00e0 8 heures. Il est recommand\u00e9 d&rsquo;appliquer les patchs avant de dormir.<br \/>\n\u00c9tape 4 : Retirez les patchs apr\u00e8s 6 \u00e0 8 heures d&rsquo;utilisation. Lavez vos pieds et profitez de votre bien-\u00eatre am\u00e9lior\u00e9 !<\/p>\n<p><strong>EFFETS ? QUAND ET COMMENT ?<\/strong><br \/>\nLes effets positifs de PureFeet devraient se faire sentir apr\u00e8s quelques utilisations, mais n&rsquo;h\u00e9sitez pas \u00e0 utiliser les patchs nettoyants aussi longtemps que vous en ressentez le besoin ! Votre bien-\u00eatre n&rsquo;a pas de limites. Le patch PureFeet doit pr\u00e9senter une couche de d\u00e9charge noire apr\u00e8s utilisation. La d\u00e9charge est constitu\u00e9e des \u00e9l\u00e9ments nocifs \u00e9limin\u00e9s par les ingr\u00e9dients actifs. Plus la concentration d&rsquo;impuret\u00e9s est faible dans votre corps, plus le niveau de d\u00e9charge sera faible !<\/p>\n","protected":false},"excerpt":{"rendered":"<h5><strong class=\"is-size-3\">Aidez votre corps et votre esprit de mani\u00e8re naturelle !<\/strong><\/h5>\n<p>\ud83c\udf3f D\u00e9toxification<br \/>\n\ud83c\udf3f Pas de produits chimiques nocifs<br \/>\n\ud83c\udf3f Nettoyage du corps<br \/>\n\ud83c\udf3f Pas de m\u00e9dicaments aux effets secondaires inqui\u00e9tants<br \/>\n\ud83c\udf3f Ancienne m\u00e9decine asiatique<\/p>\n<p>PureFeet est con\u00e7u par les meilleurs sp\u00e9cialistes de la sagesse traditionnelle japonaise. Les ingr\u00e9dients utilis\u00e9s dans PureFeet ont \u00e9t\u00e9 test\u00e9s au fil des g\u00e9n\u00e9rations pour vous offrir la meilleure solution haut de gamme \u00e0 l&rsquo;accumulation d&rsquo;impuret\u00e9s.<\/p>\n","protected":false},"featured_media":4464,"template":"","meta":[],"product_brand":[],"product_cat":[63],"product_tag":[],"class_list":{"0":"post-4308","1":"product","2":"type-product","3":"status-publish","4":"has-post-thumbnail","6":"product_cat-non-classe","8":"first","9":"instock","10":"taxable","11":"shipping-taxable","12":"purchasable","13":"product-type-simple"},"_links":{"self":[{"href":"https:\/\/ihealthpro.co\/fr\/wp-json\/wp\/v2\/product\/4308","targetHints":{"allow":["GET"]}}],"collection":[{"href":"https:\/\/ihealthpro.co\/fr\/wp-json\/wp\/v2\/product"}],"about":[{"href":"https:\/\/ihealthpro.co\/fr\/wp-json\/wp\/v2\/types\/product"}],"wp:featuredmedia":[{"embeddable":true,"href":"https:\/\/ihealthpro.co\/fr\/wp-json\/wp\/v2\/media\/4464"}],"wp:attachment":[{"href":"https:\/\/ihealthpro.co\/fr\/wp-json\/wp\/v2\/media?parent=4308"}],"wp:term":[{"taxonomy":"product_brand","embeddable":true,"href":"https:\/\/ihealthpro.co\/fr\/wp-json\/wp\/v2\/product_brand?post=4308"},{"taxonomy":"product_cat","embeddable":true,"href":"https:\/\/ihealthpro.co\/fr\/wp-json\/wp\/v2\/product_cat?post=4308"},{"taxonomy":"product_tag","embeddable":true,"href":"https:\/\/ihealthpro.co\/fr\/wp-json\/wp\/v2\/product_tag?post=4308"}],"curies":[{"name":"wp","href":"https:\/\/api.w.org\/{rel}","templated":true}]}}