{"id":4309,"date":"2021-11-29T09:41:07","date_gmt":"2021-11-29T09:41:07","guid":{"rendered":"https:\/\/ihealthpro.co\/product\/pure-guasha\/"},"modified":"2021-11-29T09:41:07","modified_gmt":"2021-11-29T09:41:07","slug":"pureguasha","status":"publish","type":"product","link":"https:\/\/ihealthpro.co\/fr\/produit\/pureguasha\/","title":{"rendered":"Pure GuaSha"},"content":{"rendered":"<h4>Vos amis ne croiront pas que vous n&rsquo;avez pas eu recours \u00e0 la chirurgie esth\u00e9tique !<\/h4>\n<p><strong>UNE PEAU PLUS SAINE = UNE VIE PLUS SAINE<\/strong><br \/>\nObtenez rapidement une peau plus saine sans chirurgie, ni remplissage, ni traitements co\u00fbteux. Incroyable mais vrai : la peau est le plus grand organe du corps humain. Cela signifie que la sant\u00e9 de votre peau peut avoir un effet important sur votre sant\u00e9 globale.<\/p>\n<p><strong>TANT D&rsquo;AVANTAGES !<\/strong><br \/>\nDe nombreuses personnes affirment que l&rsquo;utilisation r\u00e9guli\u00e8re du quartz rose Pure GuaSha a aid\u00e9 leur peau \u00e0 rajeunir, \u00e0 se r\u00e9parer, \u00e0 se d\u00e9sintoxiquer et \u00e0 para\u00eetre plus lisse et moins gonfl\u00e9e. Vous serez \u00e9tonn\u00e9(e) des r\u00e9sultats obtenus et de la diff\u00e9rence d&rsquo;aspect et de sensation de votre peau ! Pure GuaSha convient \u00e0 tous les \u00e2ges, \u00e0 tous les types de peau et \u00e0 toutes les formes de visage.<\/p>\n<p><strong>LA SCIENCE DERRI\u00c8RE TOUT \u00c7A<\/strong><br \/>\nLa technique de raclage du visage est bas\u00e9e sur une ancienne technique de gu\u00e9rison appel\u00e9e Gua Sha, qui a \u00e9t\u00e9 mentionn\u00e9e pour la premi\u00e8re fois dans un texte de m\u00e9decine classique chinoise appel\u00e9 Shan Han Lun, dat\u00e9 de 220 de notre \u00e8re. Pure GuaSha aide \u00e0 drainer les fluides emprisonn\u00e9s sous la peau gr\u00e2ce \u00e0 une mobilisation douce des fascias. Lorsque cet exc\u00e8s de liquide est drain\u00e9, la sant\u00e9 et la tonicit\u00e9 de la peau sont am\u00e9lior\u00e9es.<\/p>\n<p><strong>MODE D&rsquo;EMPLOI<\/strong><br \/>\n\u00c9tape 1 : Appliquez une petite quantit\u00e9 d&rsquo;huile pour le visage sur votre visage.<br \/>\n\u00c9tape 2 : Commencez \u00e0 utiliser l&rsquo;outil en douceur sur l&rsquo;ensemble du visage, du cou et du d\u00e9collet\u00e9. Allez-y doucement au d\u00e9but, puis appliquez un peu plus de pression.<br \/>\n\u00c9tape 3 : Profitez de la sensation de fra\u00eecheur qui s&rsquo;ensuit.<\/p>\n","protected":false},"excerpt":{"rendered":"<h5>Le premier soin personnel \u00e0 domicile cette ann\u00e9e<\/h5>\n<p>\u2764\ufe0f V\u00e9ritable quartz rose<br \/>\n\u2764\ufe0f Bye-bye visage \u00ab\u00a0bouffi<br \/>\n\u2764\ufe0f Am\u00e9liore les rides et ridules.<br \/>\n\u2764\ufe0f Drainage lymphatique<br \/>\n\u2764\ufe0f Rajeunit et r\u00e9pare la peau<\/p>\n<p>Pure GuaSha Rose Quartz est un traitement de beaut\u00e9 qui a \u00e9t\u00e9 transmis de g\u00e9n\u00e9ration en g\u00e9n\u00e9ration. Stimuler la peau en \u00ab\u00a0grattant\u00a0\u00bb doucement la pierre sur votre visage peut aider \u00e0 favoriser la circulation et \u00e0 soulager les tensions de la peau.<\/p>\n","protected":false},"featured_media":4429,"template":"","meta":[],"product_brand":[],"product_cat":[63],"product_tag":[],"class_list":{"0":"post-4309","1":"product","2":"type-product","3":"status-publish","4":"has-post-thumbnail","6":"product_cat-non-classe","8":"first","9":"instock","10":"taxable","11":"shipping-taxable","12":"purchasable","13":"product-type-simple"},"_links":{"self":[{"href":"https:\/\/ihealthpro.co\/fr\/wp-json\/wp\/v2\/product\/4309","targetHints":{"allow":["GET"]}}],"collection":[{"href":"https:\/\/ihealthpro.co\/fr\/wp-json\/wp\/v2\/product"}],"about":[{"href":"https:\/\/ihealthpro.co\/fr\/wp-json\/wp\/v2\/types\/product"}],"wp:featuredmedia":[{"embeddable":true,"href":"https:\/\/ihealthpro.co\/fr\/wp-json\/wp\/v2\/media\/4429"}],"wp:attachment":[{"href":"https:\/\/ihealthpro.co\/fr\/wp-json\/wp\/v2\/media?parent=4309"}],"wp:term":[{"taxonomy":"product_brand","embeddable":true,"href":"https:\/\/ihealthpro.co\/fr\/wp-json\/wp\/v2\/product_brand?post=4309"},{"taxonomy":"product_cat","embeddable":true,"href":"https:\/\/ihealthpro.co\/fr\/wp-json\/wp\/v2\/product_cat?post=4309"},{"taxonomy":"product_tag","embeddable":true,"href":"https:\/\/ihealthpro.co\/fr\/wp-json\/wp\/v2\/product_tag?post=4309"}],"curies":[{"name":"wp","href":"https:\/\/api.w.org\/{rel}","templated":true}]}}