{"id":4967,"date":"2024-06-12T07:38:44","date_gmt":"2024-06-12T07:38:44","guid":{"rendered":"https:\/\/ihealthpro.co\/product\/humidificateur\/"},"modified":"2024-06-12T07:38:44","modified_gmt":"2024-06-12T07:38:44","slug":"humidificateur","status":"publish","type":"product","link":"https:\/\/ihealthpro.co\/fr\/produit\/humidificateur\/","title":{"rendered":"Humidificateur"},"content":{"rendered":"<div class=\"commonText\">\n<p>Les humidificateurs Dreamzy sont la quintessence de l&rsquo;humidification discr\u00e8te, efficace et sans souci. Notre objectif est de cr\u00e9er un environnement int\u00e9rieur id\u00e9al o\u00f9 vous pouvez profiter des avantages d&rsquo;une humidit\u00e9 parfaitement \u00e9quilibr\u00e9e sans m\u00eame remarquer le fonctionnement de l&rsquo;appareil.<\/p>\n<p>Il d\u00e9truit la s\u00e9cheresse qui peut causer des probl\u00e8mes \u00e0 votre peau, votre nez, votre gorge et vos l\u00e8vres, mais il peut aussi soulager les sympt\u00f4mes associ\u00e9s \u00e0 la grippe ou au rhume, comme les sinus encombr\u00e9s ! Am\u00e9liorez votre sant\u00e9 et votre confort gr\u00e2ce \u00e0 l&rsquo;humidificateur Dreamzy.<\/p>\n<p><b>Utiliser la science en notre faveur !<\/b><\/p>\n<p>Ne laissez pas la s\u00e9cheresse perturber votre bien-\u00eatre. Choisissez les humidificateurs Dreamzy pour une atmosph\u00e8re int\u00e9rieure harmonieuse qui vous permet de vous sentir au mieux de votre forme, jour et nuit. D\u00e9couvrez le confort invisible d\u00e8s aujourd&rsquo;hui !<\/p>\n<\/div>\n<div class=\"btnBox hide-mob\"><\/div>\n","protected":false},"excerpt":{"rendered":"<p>Les humidificateurs Dreamzy sont la quintessence de l&rsquo;humidification discr\u00e8te, efficace et sans souci. Notre objectif est de cr\u00e9er un environnement int\u00e9rieur id\u00e9al o\u00f9 vous pouvez profiter des avantages d&rsquo;une humidit\u00e9 parfaitement \u00e9quilibr\u00e9e sans m\u00eame remarquer le fonctionnement de l&rsquo;appareil. Il d\u00e9truit la s\u00e9cheresse qui peut causer des probl\u00e8mes \u00e0 votre peau, votre nez, votre gorge [&hellip;]<\/p>\n","protected":false},"featured_media":4841,"template":"","meta":[],"product_brand":[],"product_cat":[63],"product_tag":[],"class_list":{"0":"post-4967","1":"product","2":"type-product","3":"status-publish","4":"has-post-thumbnail","6":"product_cat-non-classe","8":"first","9":"instock","10":"taxable","11":"shipping-taxable","12":"purchasable","13":"product-type-simple"},"_links":{"self":[{"href":"https:\/\/ihealthpro.co\/fr\/wp-json\/wp\/v2\/product\/4967","targetHints":{"allow":["GET"]}}],"collection":[{"href":"https:\/\/ihealthpro.co\/fr\/wp-json\/wp\/v2\/product"}],"about":[{"href":"https:\/\/ihealthpro.co\/fr\/wp-json\/wp\/v2\/types\/product"}],"wp:featuredmedia":[{"embeddable":true,"href":"https:\/\/ihealthpro.co\/fr\/wp-json\/wp\/v2\/media\/4841"}],"wp:attachment":[{"href":"https:\/\/ihealthpro.co\/fr\/wp-json\/wp\/v2\/media?parent=4967"}],"wp:term":[{"taxonomy":"product_brand","embeddable":true,"href":"https:\/\/ihealthpro.co\/fr\/wp-json\/wp\/v2\/product_brand?post=4967"},{"taxonomy":"product_cat","embeddable":true,"href":"https:\/\/ihealthpro.co\/fr\/wp-json\/wp\/v2\/product_cat?post=4967"},{"taxonomy":"product_tag","embeddable":true,"href":"https:\/\/ihealthpro.co\/fr\/wp-json\/wp\/v2\/product_tag?post=4967"}],"curies":[{"name":"wp","href":"https:\/\/api.w.org\/{rel}","templated":true}]}}