{"id":5063,"date":"2024-06-12T07:27:18","date_gmt":"2024-06-12T07:27:18","guid":{"rendered":"https:\/\/ihealthpro.co\/product\/masseur-de-pieds-ems\/"},"modified":"2024-07-09T15:41:57","modified_gmt":"2024-07-09T15:41:57","slug":"masseur-de-pieds-ems","status":"publish","type":"product","link":"https:\/\/ihealthpro.co\/fr\/produit\/masseur-de-pieds-ems\/","title":{"rendered":"Masseur de pieds EMS"},"content":{"rendered":"<p>D\u00e9couvrez l&rsquo;avenir de la relaxation des pieds avec le masseur de pieds EMS &#8211; un appareil innovant qui associe de mani\u00e8re transparente les avantages du massage traditionnel des pieds \u00e0 une technologie de pointe en mati\u00e8re de stimulation \u00e9lectrique des muscles. Con\u00e7u pour rajeunir vos pieds et revigorer vos sens, cet appareil apporte le luxe apaisant d&rsquo;un spa directement chez vous.<\/p>\n<p><strong>Des avantages qui am\u00e9liorent votre confort :<\/strong><\/p>\n<p><strong>RENFORCEMENT MUSCULAIRE  <\/strong><\/p>\n<p>Lib\u00e9rez la puissance de la stimulation musculaire \u00e9lectrique pour renforcer les muscles de vos pieds et favoriser leur bien-\u00eatre g\u00e9n\u00e9ral.<\/p>\n<p><strong>UNE MEILLEURE CIRCULATION SANGUINE  <\/strong><\/p>\n<p>D\u00e9couvrez les effets revitalisants de l&rsquo;augmentation de la circulation sanguine locale pendant que l&rsquo;appareil de massage des pieds EMS dorlote vos pieds.<\/p>\n<p><strong>RELAXATION MUSCULAIRE  <\/strong><\/p>\n<p>L&rsquo;appareil cible et d\u00e9tend les muscles de vos pieds, ce qui soulage les tensions et le stress et vous laisse frais et dispos.<\/p>\n<p><strong>SOULAGEMENT DE LA FATIGUE  <\/strong><\/p>\n<p>Dites adieu \u00e0 la fatigue gr\u00e2ce \u00e0 l&rsquo;action anti-fatigue de l&rsquo;appareil de massage des pieds EMS qui favorise la relaxation et la vitalit\u00e9.<\/p>\n","protected":false},"excerpt":{"rendered":"<p>D\u00e9couvrez l&rsquo;avenir de la relaxation des pieds avec le masseur de pieds EMS &#8211; un appareil innovant qui associe de mani\u00e8re transparente les avantages du massage traditionnel des pieds \u00e0 une technologie de pointe en mati\u00e8re de stimulation \u00e9lectrique des muscles. Con\u00e7u pour rajeunir vos pieds et revigorer vos sens, cet appareil apporte le luxe [&hellip;]<\/p>\n","protected":false},"featured_media":4835,"template":"","meta":[],"product_brand":[],"product_cat":[63],"product_tag":[],"class_list":{"0":"post-5063","1":"product","2":"type-product","3":"status-publish","4":"has-post-thumbnail","6":"product_cat-non-classe","8":"first","9":"instock","10":"taxable","11":"shipping-taxable","12":"purchasable","13":"product-type-simple"},"_links":{"self":[{"href":"https:\/\/ihealthpro.co\/fr\/wp-json\/wp\/v2\/product\/5063","targetHints":{"allow":["GET"]}}],"collection":[{"href":"https:\/\/ihealthpro.co\/fr\/wp-json\/wp\/v2\/product"}],"about":[{"href":"https:\/\/ihealthpro.co\/fr\/wp-json\/wp\/v2\/types\/product"}],"wp:featuredmedia":[{"embeddable":true,"href":"https:\/\/ihealthpro.co\/fr\/wp-json\/wp\/v2\/media\/4835"}],"wp:attachment":[{"href":"https:\/\/ihealthpro.co\/fr\/wp-json\/wp\/v2\/media?parent=5063"}],"wp:term":[{"taxonomy":"product_brand","embeddable":true,"href":"https:\/\/ihealthpro.co\/fr\/wp-json\/wp\/v2\/product_brand?post=5063"},{"taxonomy":"product_cat","embeddable":true,"href":"https:\/\/ihealthpro.co\/fr\/wp-json\/wp\/v2\/product_cat?post=5063"},{"taxonomy":"product_tag","embeddable":true,"href":"https:\/\/ihealthpro.co\/fr\/wp-json\/wp\/v2\/product_tag?post=5063"}],"curies":[{"name":"wp","href":"https:\/\/api.w.org\/{rel}","templated":true}]}}