{"id":5073,"date":"2024-06-12T07:42:42","date_gmt":"2024-06-12T07:42:42","guid":{"rendered":"https:\/\/ihealthpro.co\/product\/purificateur-dair\/"},"modified":"2024-07-09T15:41:55","modified_gmt":"2024-07-09T15:41:55","slug":"purificateur-dair","status":"publish","type":"product","link":"https:\/\/ihealthpro.co\/fr\/produit\/purificateur-dair\/","title":{"rendered":"Purificateur d&rsquo;air"},"content":{"rendered":"<p>Le purificateur d&rsquo;air Dreamzy n&rsquo;est pas seulement un purificateur d&rsquo;air, c&rsquo;est une passerelle vers un mode de vie plus sain. En \u00e9liminant efficacement les polluants, les allerg\u00e8nes et les odeurs, il garantit la propret\u00e9 et la fra\u00eecheur de votre air int\u00e9rieur, am\u00e9liorant ainsi votre bien-\u00eatre g\u00e9n\u00e9ral. Parfait pour les maisons et les bureaux, Dreamzy offre la tranquillit\u00e9 d&rsquo;esprit, ce qui en fait un investissement essentiel pour tous ceux qui accordent la priorit\u00e9 \u00e0 la sant\u00e9 et au confort dans leurs espaces de vie.<\/p>\n","protected":false},"excerpt":{"rendered":"<p>Le purificateur d&rsquo;air Dreamzy n&rsquo;est pas seulement un purificateur d&rsquo;air, c&rsquo;est une passerelle vers un mode de vie plus sain. En \u00e9liminant efficacement les polluants, les allerg\u00e8nes et les odeurs, il garantit la propret\u00e9 et la fra\u00eecheur de votre air int\u00e9rieur, am\u00e9liorant ainsi votre bien-\u00eatre g\u00e9n\u00e9ral. Parfait pour les maisons et les bureaux, Dreamzy offre [&hellip;]<\/p>\n","protected":false},"featured_media":4850,"template":"","meta":[],"product_brand":[],"product_cat":[63],"product_tag":[],"class_list":{"0":"post-5073","1":"product","2":"type-product","3":"status-publish","4":"has-post-thumbnail","6":"product_cat-non-classe","8":"first","9":"instock","10":"taxable","11":"shipping-taxable","12":"purchasable","13":"product-type-simple"},"_links":{"self":[{"href":"https:\/\/ihealthpro.co\/fr\/wp-json\/wp\/v2\/product\/5073","targetHints":{"allow":["GET"]}}],"collection":[{"href":"https:\/\/ihealthpro.co\/fr\/wp-json\/wp\/v2\/product"}],"about":[{"href":"https:\/\/ihealthpro.co\/fr\/wp-json\/wp\/v2\/types\/product"}],"wp:featuredmedia":[{"embeddable":true,"href":"https:\/\/ihealthpro.co\/fr\/wp-json\/wp\/v2\/media\/4850"}],"wp:attachment":[{"href":"https:\/\/ihealthpro.co\/fr\/wp-json\/wp\/v2\/media?parent=5073"}],"wp:term":[{"taxonomy":"product_brand","embeddable":true,"href":"https:\/\/ihealthpro.co\/fr\/wp-json\/wp\/v2\/product_brand?post=5073"},{"taxonomy":"product_cat","embeddable":true,"href":"https:\/\/ihealthpro.co\/fr\/wp-json\/wp\/v2\/product_cat?post=5073"},{"taxonomy":"product_tag","embeddable":true,"href":"https:\/\/ihealthpro.co\/fr\/wp-json\/wp\/v2\/product_tag?post=5073"}],"curies":[{"name":"wp","href":"https:\/\/api.w.org\/{rel}","templated":true}]}}