{"id":5078,"date":"2024-06-12T07:49:21","date_gmt":"2024-06-12T07:49:21","guid":{"rendered":"https:\/\/ihealthpro.co\/product\/bouteille-deau-a-hydrogene\/"},"modified":"2024-07-09T15:41:56","modified_gmt":"2024-07-09T15:41:56","slug":"bouteille-deau-a-hydrogene","status":"publish","type":"product","link":"https:\/\/ihealthpro.co\/fr\/produit\/bouteille-deau-a-hydrogene\/","title":{"rendered":"Bouteille d&rsquo;eau \u00e0 hydrog\u00e8ne"},"content":{"rendered":"<p>Revitalisez votre exp\u00e9rience de l&rsquo;hydratation avec notre bouteille d&rsquo;eau \u00e0 hydrog\u00e8ne de pointe. Con\u00e7ue pour infuser votre eau avec de l&rsquo;hydrog\u00e8ne mol\u00e9culaire, cette bouteille innovante am\u00e9liore votre eau potable en fournissant de puissants antioxydants, en augmentant l&rsquo;hydratation et en favorisant le bien-\u00eatre g\u00e9n\u00e9ral. Parfait pour les personnes en d\u00e9placement soucieuses de leur sant\u00e9, le design \u00e9pur\u00e9 assure commodit\u00e9 et durabilit\u00e9. D\u00e9couvrez des niveaux d&rsquo;\u00e9nergie am\u00e9lior\u00e9s, une meilleure r\u00e9cup\u00e9ration et une foule de bienfaits pour la sant\u00e9 \u00e0 chaque gorg\u00e9e d&rsquo;une eau plus propre et plus saine.<\/p>\n","protected":false},"excerpt":{"rendered":"<p>Revitalisez votre exp\u00e9rience de l&rsquo;hydratation avec notre bouteille d&rsquo;eau \u00e0 hydrog\u00e8ne de pointe. Con\u00e7ue pour infuser votre eau avec de l&rsquo;hydrog\u00e8ne mol\u00e9culaire, cette bouteille innovante am\u00e9liore votre eau potable en fournissant de puissants antioxydants, en augmentant l&rsquo;hydratation et en favorisant le bien-\u00eatre g\u00e9n\u00e9ral. Parfait pour les personnes en d\u00e9placement soucieuses de leur sant\u00e9, le design [&hellip;]<\/p>\n","protected":false},"featured_media":4859,"template":"","meta":[],"product_brand":[],"product_cat":[63],"product_tag":[],"class_list":{"0":"post-5078","1":"product","2":"type-product","3":"status-publish","4":"has-post-thumbnail","6":"product_cat-non-classe","8":"first","9":"instock","10":"taxable","11":"shipping-taxable","12":"purchasable","13":"product-type-simple"},"_links":{"self":[{"href":"https:\/\/ihealthpro.co\/fr\/wp-json\/wp\/v2\/product\/5078","targetHints":{"allow":["GET"]}}],"collection":[{"href":"https:\/\/ihealthpro.co\/fr\/wp-json\/wp\/v2\/product"}],"about":[{"href":"https:\/\/ihealthpro.co\/fr\/wp-json\/wp\/v2\/types\/product"}],"wp:featuredmedia":[{"embeddable":true,"href":"https:\/\/ihealthpro.co\/fr\/wp-json\/wp\/v2\/media\/4859"}],"wp:attachment":[{"href":"https:\/\/ihealthpro.co\/fr\/wp-json\/wp\/v2\/media?parent=5078"}],"wp:term":[{"taxonomy":"product_brand","embeddable":true,"href":"https:\/\/ihealthpro.co\/fr\/wp-json\/wp\/v2\/product_brand?post=5078"},{"taxonomy":"product_cat","embeddable":true,"href":"https:\/\/ihealthpro.co\/fr\/wp-json\/wp\/v2\/product_cat?post=5078"},{"taxonomy":"product_tag","embeddable":true,"href":"https:\/\/ihealthpro.co\/fr\/wp-json\/wp\/v2\/product_tag?post=5078"}],"curies":[{"name":"wp","href":"https:\/\/api.w.org\/{rel}","templated":true}]}}